{"id":7697,"date":"2026-01-21T13:49:49","date_gmt":"2026-01-21T13:49:49","guid":{"rendered":"https:\/\/allbiomorocco.com\/?post_type=product&#038;p=7697"},"modified":"2026-04-26T13:49:32","modified_gmt":"2026-04-26T13:49:32","slug":"tajine-matlya-matlia","status":"publish","type":"product","link":"https:\/\/allbiomorocco.com\/en\/product\/tajine-matlya-matlia\/","title":{"rendered":"Aker Fassi \u2013 Rouge Traditionnel Dans un Mini Tajine du Maroc"},"content":{"rendered":"<p><strong>Aker Fassi : Le tr\u00e9sor de beaut\u00e9 marocain pour les l\u00e8vres et le visage<\/strong><\/p>\n<p>Aker Fassi, \u00e9galement connu sous le nom de baume \u00e0 l\u00e8vres marocain, est un produit naturel incontournable qui fera passer votre routine beaut\u00e9 au niveau sup\u00e9rieur. Ce produit cosm\u00e9tique polyvalent est fabriqu\u00e9 \u00e0 partir d&rsquo;ingr\u00e9dients naturels de haute qualit\u00e9 et est parfait pour les l\u00e8vres et le visage.<\/p>\n<h3>Qu&rsquo;est-ce qu&rsquo;Aker Fassi ?<\/h3>\n<p>Aker Fassi est une p\u00e2te cosm\u00e9tique traditionnelle marocaine qui trouve ses origines dans la riche culture du Maroc. Il est fabriqu\u00e9 \u00e0 partir d\u2019huiles, d\u2019herbes et de colorants naturels, ce qui le rend non seulement s\u00fbr mais \u00e9galement efficace. Ce produit unique est souvent utilis\u00e9 pour hydrater les l\u00e8vres et ajouter une touche de couleur au visage.<\/p>\n<h3>Avantages d&rsquo;Aker Fassi<\/h3>\n<ol>\n<li><strong>Hydratation naturelle<\/strong>:Aker Fassi nourrit et hydrate vos l\u00e8vres, les laissant douces et souples.<\/li>\n<li><strong>Brillance saine<\/strong>:Il donne \u00e0 votre peau et \u00e0 vos l\u00e8vres un aspect radieux et sain sans additifs artificiels.<\/li>\n<li><strong>Utilisation polyvalente<\/strong>:Utilisez-le comme baume \u00e0 l\u00e8vres, blush ou m\u00eame comme fard \u00e0 paupi\u00e8res pour un look naturel.<\/li>\n<li><strong>Ingr\u00e9dients traditionnels marocains<\/strong>:Riche en antioxydants et vitamines qui nourrissent et prot\u00e8gent votre peau.<\/li>\n<\/ol>\n<h3>Comment utiliser Aker Fassi<\/h3>\n<ul>\n<li><strong>Pour les l\u00e8vres<\/strong>:Appliquez une petite quantit\u00e9 d&rsquo;Aker Fassi sur vos l\u00e8vres pour une hydratation longue dur\u00e9e et une belle couleur.<\/li>\n<li><strong>Pour le visage<\/strong>:Utilisez-le comme une cr\u00e8me ou un blush en appliquant un peu sur vos joues pour un \u00e9clat sain.<\/li>\n<\/ul>","protected":false},"excerpt":{"rendered":"<p style=\"text-align: right;\" data-path-to-node=\"4\">\u0627\u0643\u062a\u0634\u0641\u064a \u0633\u062d\u0631 \u0627\u0644\u062a\u062c\u0645\u064a\u0644 \u0627\u0644\u0645\u063a\u0631\u0628\u064a \u0627\u0644\u062a\u0642\u0644\u064a\u062f\u064a \u0645\u0639 \u00ab\u00a0\u0627\u0644\u0639\u0643\u0631 \u0627\u0644\u0641\u0627\u0633\u064a\u00a0\u00bb \u0623\u0648 \u0645\u0627 \u064a\u064f\u0639\u0631\u0641 \u0628\u0640 \u00ab\u00a0\u062f\u0645 \u0627\u0644\u063a\u0632\u0627\u0644\u00a0\u00bb. \u0647\u0630\u0627 \u0627\u0644\u0645\u0646\u062a\u062c \u0644\u064a\u0633 \u0645\u062c\u0631\u062f \u0632\u064a\u0646\u0629\u060c \u0628\u0644 \u0647\u0648 \u0625\u0631\u062b \u062c\u0645\u0627\u0644\u064a \u064a\u0623\u062a\u064a \u0625\u0644\u064a\u0643\u0650 \u0641\u064a <b data-path-to-node=\"4\" data-index-in-node=\"138\">\u0645\u064a\u0646\u064a \u0637\u0627\u062c\u064a\u0646 \u0641\u062e\u0627\u0631\u064a<\/b> \u064a\u062f\u0648\u064a \u0627\u0644\u0635\u0646\u0639\u060c \u0644\u064a\u062d\u0641\u0638 \u0644\u0643\u0650 \u062c\u0648\u062f\u0629 \u0648\u0645\u0635\u062f\u0627\u0642\u064a\u0629 \u0627\u0644\u0645\u0643\u0648\u0646\u0627\u062a \u0627\u0644\u0637\u0628\u064a\u0639\u064a\u0629 \u0627\u0644\u0645\u0633\u062a\u062e\u0644\u0635\u0629 \u0645\u0646 \u0623\u0648\u0631\u0627\u0642 \u0634\u0642\u0627\u0626\u0642 \u0627\u0644\u0646\u0639\u0645\u0627\u0646 \u0648\u0642\u0634\u0648\u0631 \u0627\u0644\u0631\u0645\u0627\u0646 \u0627\u0644\u0645\u062c\u0641\u0641\u0629.<\/p>\n<ul data-path-to-node=\"6\">\n<li style=\"text-align: right;\">\n<p data-path-to-node=\"6,0,0\"><b data-path-to-node=\"6,0,0\" data-index-in-node=\"0\">\u0645\u0648\u0631\u062f \u0637\u0628\u064a\u0639\u064a 100%:<\/b> \u064a\u0645\u0646\u062d\u0643\u0650 \u0644\u0648\u0646\u0627\u064b \u0648\u0631\u062f\u064a\u0627\u064b \u0637\u0628\u064a\u0639\u064a\u0627\u064b \u062c\u0630\u0627\u0628\u0627\u064b \u0644\u0644\u0634\u0641\u0627\u0647 \u0648\u0627\u0644\u062e\u062f\u0648\u062f \u064a\u062f\u0648\u0645 \u0637\u0648\u064a\u0644\u0627\u064b \u062f\u0648\u0646 \u0627\u0644\u062d\u0627\u062c\u0629 \u0644\u0644\u0645\u0648\u0627\u062f \u0627\u0644\u0643\u064a\u0645\u064a\u0627\u0626\u064a\u0629.<\/p>\n<\/li>\n<li style=\"text-align: right;\">\n<p data-path-to-node=\"6,1,0\"><b data-path-to-node=\"6,1,0\" data-index-in-node=\"0\">\u0625\u0634\u0631\u0627\u0642\u0629 \u0648\u0646\u0636\u0627\u0631\u0629:<\/b> \u064a\u0639\u0645\u0644 \u0639\u0644\u0649 \u062a\u0646\u0642\u064a\u0629 \u0627\u0644\u0628\u0634\u0631\u0629 \u0648\u0625\u0639\u0637\u0627\u0626\u0647\u0627 \u0646\u0636\u0627\u0631\u0629 \u0641\u0648\u0631\u064a\u0629 \u0639\u0646\u062f \u0645\u0632\u062c\u0647 \u0645\u0639 \u0623\u0642\u0646\u0639\u0629 \u0627\u0644\u0648\u062c\u0647 \u0623\u0648 \u00ab\u00a0\u0627\u0644\u063a\u0627\u0633\u0648\u0644\u00a0\u00bb.<\/p>\n<\/li>\n<li style=\"text-align: right;\">\n<p data-path-to-node=\"6,2,0\"><b data-path-to-node=\"6,2,0\" data-index-in-node=\"0\">\u062a\u0631\u0637\u064a\u0628 \u0648\u062a\u0648\u0631\u064a\u062f:<\/b> \u064a\u0633\u0627\u0639\u062f \u0641\u064a \u062a\u0646\u0639\u064a\u0645 \u0648\u062a\u0648\u0631\u064a\u062f \u0627\u0644\u0645\u0646\u0627\u0637\u0642 \u0627\u0644\u062e\u0634\u0646\u0629 \u0645\u062b\u0644 \u0643\u0639\u0628 \u0627\u0644\u0642\u062f\u0645\u064a\u0646 \u0639\u0646\u062f \u062e\u0644\u0637\u0647 \u0645\u0639 \u00ab\u00a0\u0627\u0644\u0641\u0627\u0632\u0644\u064a\u0646\u00a0\u00bb \u0623\u0648 \u0627\u0644\u0643\u0631\u064a\u0645\u0627\u062a \u0627\u0644\u0645\u0631\u0637\u0628\u0629.<\/p>\n<\/li>\n<li>\n<p style=\"text-align: right;\" data-path-to-node=\"6,3,0\"><b data-path-to-node=\"6,3,0\" data-index-in-node=\"0\">\u062a\u0635\u0645\u064a\u0645 \u0645\u063a\u0631\u0628\u064a \u0623\u0635\u064a\u0644:<\/b> \u064a\u064f\u0642\u062f\u0645 \u0641\u064a \u0648\u0639\u0627\u0621 \u0637\u0627\u062c\u064a\u0646 \u0635\u063a\u064a\u0631 \u0648\u062c\u0645\u064a\u0644\u060c \u0645\u0645\u0627 \u064a\u062c\u0639\u0644\u0647 \u0642\u0637\u0639\u0629 \u062f\u064a\u0643\u0648\u0631 \u0645\u0645\u064a\u0632\u0629 \u0641\u064a \u062d\u0642\u064a\u0628\u062a\u0643 \u0623\u0648 \u0647\u062f\u064a\u0629 \u062a\u0631\u0627\u062b\u064a\u0629 \u0631\u0627\u0626\u0639\u0629.<\/p>\n<\/li>\n<\/ul>","protected":false},"featured_media":7787,"comment_status":"closed","ping_status":"closed","template":"","meta":{"_uag_custom_page_level_css":"","site-sidebar-layout":"default","site-content-layout":"","ast-site-content-layout":"default","site-content-style":"default","site-sidebar-style":"default","ast-global-header-display":"","ast-banner-title-visibility":"","ast-main-header-display":"","ast-hfb-above-header-display":"","ast-hfb-below-header-display":"","ast-hfb-mobile-header-display":"","site-post-title":"","ast-breadcrumbs-content":"","ast-featured-img":"","footer-sml-layout":"","ast-disable-related-posts":"","theme-transparent-header-meta":"default","adv-header-id-meta":"","stick-header-meta":"","header-above-stick-meta":"","header-main-stick-meta":"","header-below-stick-meta":"","astra-migrate-meta-layouts":"set","ast-page-background-enabled":"default","ast-page-background-meta":{"desktop":{"background-color":"","background-image":"","background-repeat":"repeat","background-position":"center center","background-size":"auto","background-attachment":"scroll","background-type":"","background-media":"","overlay-type":"","overlay-color":"","overlay-opacity":"","overlay-gradient":""},"tablet":{"background-color":"","background-image":"","background-repeat":"repeat","background-position":"center center","background-size":"auto","background-attachment":"scroll","background-type":"","background-media":"","overlay-type":"","overlay-color":"","overlay-opacity":"","overlay-gradient":""},"mobile":{"background-color":"","background-image":"","background-repeat":"repeat","background-position":"center center","background-size":"auto","background-attachment":"scroll","background-type":"","background-media":"","overlay-type":"","overlay-color":"","overlay-opacity":"","overlay-gradient":""}},"ast-content-background-meta":{"desktop":{"background-color":"var(--ast-global-color-5)","background-image":"","background-repeat":"repeat","background-position":"center center","background-size":"auto","background-attachment":"scroll","background-type":"","background-media":"","overlay-type":"","overlay-color":"","overlay-opacity":"","overlay-gradient":""},"tablet":{"background-color":"var(--ast-global-color-5)","background-image":"","background-repeat":"repeat","background-position":"center center","background-size":"auto","background-attachment":"scroll","background-type":"","background-media":"","overlay-type":"","overlay-color":"","overlay-opacity":"","overlay-gradient":""},"mobile":{"background-color":"var(--ast-global-color-5)","background-image":"","background-repeat":"repeat","background-position":"center center","background-size":"auto","background-attachment":"scroll","background-type":"","background-media":"","overlay-type":"","overlay-color":"","overlay-opacity":"","overlay-gradient":""}}},"product_brand":[],"product_cat":[35],"product_tag":[],"class_list":{"0":"post-7697","1":"product","2":"type-product","3":"status-publish","4":"has-post-thumbnail","6":"product_cat-divers","7":"desktop-align-center","8":"tablet-align-center","9":"mobile-align-center","11":"first","12":"instock","13":"shipping-taxable","14":"purchasable","15":"product-type-simple"},"aioseo_notices":[],"uagb_featured_image_src":{"full":["https:\/\/allbiomorocco.com\/wp-content\/uploads\/2026\/03\/tagin_metliya.jpg",1024,1024,false],"thumbnail":["https:\/\/allbiomorocco.com\/wp-content\/uploads\/2026\/03\/tagin_metliya-150x150.jpg",150,150,true],"medium":["https:\/\/allbiomorocco.com\/wp-content\/uploads\/2026\/03\/tagin_metliya-300x300.jpg",300,300,true],"medium_large":["https:\/\/allbiomorocco.com\/wp-content\/uploads\/2026\/03\/tagin_metliya-768x768.jpg",768,768,true],"large":["https:\/\/allbiomorocco.com\/wp-content\/uploads\/2026\/03\/tagin_metliya.jpg",1024,1024,false],"1536x1536":["https:\/\/allbiomorocco.com\/wp-content\/uploads\/2026\/03\/tagin_metliya.jpg",1024,1024,false],"2048x2048":["https:\/\/allbiomorocco.com\/wp-content\/uploads\/2026\/03\/tagin_metliya.jpg",1024,1024,false],"trp-custom-language-flag":["https:\/\/allbiomorocco.com\/wp-content\/uploads\/2026\/03\/tagin_metliya-12x12.jpg",12,12,true],"woocommerce_thumbnail":["https:\/\/allbiomorocco.com\/wp-content\/uploads\/2026\/03\/tagin_metliya-300x300.jpg",300,300,true],"woocommerce_single":["https:\/\/allbiomorocco.com\/wp-content\/uploads\/2026\/03\/tagin_metliya-600x600.jpg",600,600,true],"woocommerce_gallery_thumbnail":["https:\/\/allbiomorocco.com\/wp-content\/uploads\/2026\/03\/tagin_metliya-100x100.jpg",100,100,true]},"uagb_author_info":{"display_name":"NOUZHA ABARDAQ","author_link":"https:\/\/allbiomorocco.com\/en\/author\/"},"uagb_comment_info":0,"uagb_excerpt":"\u0627\u0643\u062a\u0634\u0641\u064a \u0633\u062d\u0631 \u0627\u0644\u062a\u062c\u0645\u064a\u0644 \u0627\u0644\u0645\u063a\u0631\u0628\u064a \u0627\u0644\u062a\u0642\u0644\u064a\u062f\u064a \u0645\u0639 \"\u0627\u0644\u0639\u0643\u0631 \u0627\u0644\u0641\u0627\u0633\u064a\" \u0623\u0648 \u0645\u0627 \u064a\u064f\u0639\u0631\u0641 \u0628\u0640 \"\u062f\u0645 \u0627\u0644\u063a\u0632\u0627\u0644\". \u0647\u0630\u0627 \u0627\u0644\u0645\u0646\u062a\u062c \u0644\u064a\u0633 \u0645\u062c\u0631\u062f \u0632\u064a\u0646\u0629\u060c \u0628\u0644 \u0647\u0648 \u0625\u0631\u062b \u062c\u0645\u0627\u0644\u064a \u064a\u0623\u062a\u064a \u0625\u0644\u064a\u0643\u0650 \u0641\u064a \u0645\u064a\u0646\u064a \u0637\u0627\u062c\u064a\u0646 \u0641\u062e\u0627\u0631\u064a \u064a\u062f\u0648\u064a \u0627\u0644\u0635\u0646\u0639\u060c \u0644\u064a\u062d\u0641\u0638 \u0644\u0643\u0650 \u062c\u0648\u062f\u0629 \u0648\u0645\u0635\u062f\u0627\u0642\u064a\u0629 \u0627\u0644\u0645\u0643\u0648\u0646\u0627\u062a \u0627\u0644\u0637\u0628\u064a\u0639\u064a\u0629 \u0627\u0644\u0645\u0633\u062a\u062e\u0644\u0635\u0629 \u0645\u0646 \u0623\u0648\u0631\u0627\u0642 \u0634\u0642\u0627\u0626\u0642 \u0627\u0644\u0646\u0639\u0645\u0627\u0646 \u0648\u0642\u0634\u0648\u0631 \u0627\u0644\u0631\u0645\u0627\u0646 \u0627\u0644\u0645\u062c\u0641\u0641\u0629. \u0645\u0648\u0631\u062f \u0637\u0628\u064a\u0639\u064a 100%: \u064a\u0645\u0646\u062d\u0643\u0650 \u0644\u0648\u0646\u0627\u064b \u0648\u0631\u062f\u064a\u0627\u064b \u0637\u0628\u064a\u0639\u064a\u0627\u064b \u062c\u0630\u0627\u0628\u0627\u064b \u0644\u0644\u0634\u0641\u0627\u0647 \u0648\u0627\u0644\u062e\u062f\u0648\u062f&hellip;","_links":{"self":[{"href":"https:\/\/allbiomorocco.com\/en\/wp-json\/wp\/v2\/product\/7697","targetHints":{"allow":["GET"]}}],"collection":[{"href":"https:\/\/allbiomorocco.com\/en\/wp-json\/wp\/v2\/product"}],"about":[{"href":"https:\/\/allbiomorocco.com\/en\/wp-json\/wp\/v2\/types\/product"}],"replies":[{"embeddable":true,"href":"https:\/\/allbiomorocco.com\/en\/wp-json\/wp\/v2\/comments?post=7697"}],"wp:featuredmedia":[{"embeddable":true,"href":"https:\/\/allbiomorocco.com\/en\/wp-json\/wp\/v2\/media\/7787"}],"wp:attachment":[{"href":"https:\/\/allbiomorocco.com\/en\/wp-json\/wp\/v2\/media?parent=7697"}],"wp:term":[{"taxonomy":"product_brand","embeddable":true,"href":"https:\/\/allbiomorocco.com\/en\/wp-json\/wp\/v2\/product_brand?post=7697"},{"taxonomy":"product_cat","embeddable":true,"href":"https:\/\/allbiomorocco.com\/en\/wp-json\/wp\/v2\/product_cat?post=7697"},{"taxonomy":"product_tag","embeddable":true,"href":"https:\/\/allbiomorocco.com\/en\/wp-json\/wp\/v2\/product_tag?post=7697"}],"curies":[{"name":"wp","href":"https:\/\/api.w.org\/{rel}","templated":true}]}}