{"id":7701,"date":"2026-01-21T13:49:49","date_gmt":"2026-01-21T13:49:49","guid":{"rendered":"https:\/\/allbiomorocco.com\/?post_type=product&#038;p=7701"},"modified":"2026-04-26T13:54:13","modified_gmt":"2026-04-26T13:54:13","slug":"savon-lavande","status":"publish","type":"product","link":"https:\/\/allbiomorocco.com\/en\/product\/savon-lavande\/","title":{"rendered":"Savon Lavande"},"content":{"rendered":"<h3 data-path-to-node=\"2\">Description du Produit<\/h3>\n<ul data-path-to-node=\"3\">\n<li>\n<p data-path-to-node=\"3,0,0\"><b data-path-to-node=\"3,0,0\" data-index-in-node=\"0\">Aspect :<\/b> Souvent de couleur naturelle (beige \u00e0 violet p\u00e2le) avec parfois des fleurs de lavande s\u00e9ch\u00e9es pour un effet exfoliant doux.<\/p>\n<\/li>\n<li>\n<p data-path-to-node=\"3,1,0\"><b data-path-to-node=\"3,1,0\" data-index-in-node=\"0\">Senteur :<\/b> Parfum floral, frais, herbac\u00e9 et l\u00e9g\u00e8rement camphr\u00e9.<\/p>\n<\/li>\n<li>\n<p data-path-to-node=\"3,2,0\"><b data-path-to-node=\"3,2,0\" data-index-in-node=\"0\">Type de fabrication :<\/b> Id\u00e9alement issu d&rsquo;une <b data-path-to-node=\"3,2,0\" data-index-in-node=\"44\">saponification \u00e0 froid<\/b> pour pr\u00e9server les bienfaits des huiles v\u00e9g\u00e9tales et de l&rsquo;huile essentielle de lavande.<\/p>\n<\/li>\n<\/ul>\n<h3 data-path-to-node=\"5\">\u2728 Les Bienfaits Majeurs<\/h3>\n<h4 data-path-to-node=\"6\">1. Pour la Peau<\/h4>\n<ul data-path-to-node=\"7\">\n<li>\n<p data-path-to-node=\"7,0,0\"><b data-path-to-node=\"7,0,0\" data-index-in-node=\"0\">Apaisant &amp; Calmant :<\/b> Soulage les peaux irrit\u00e9es, les rougeurs et les inflammations cutan\u00e9es. Il est parfait pour les peaux sensibles ou r\u00e9actives.<\/p>\n<\/li>\n<li>\n<p data-path-to-node=\"7,1,0\"><b data-path-to-node=\"7,1,0\" data-index-in-node=\"0\">Antiseptique &amp; Purifiant :<\/b> Gr\u00e2ce aux propri\u00e9t\u00e9s naturelles de la lavande, il nettoie la peau en profondeur et aide \u00e0 lutter contre les petites imperfections et l&rsquo;acn\u00e9.<\/p>\n<\/li>\n<li>\n<p data-path-to-node=\"7,2,0\"><b data-path-to-node=\"7,2,0\" data-index-in-node=\"0\">Cicatrisant :<\/b> Favorise la r\u00e9g\u00e9n\u00e9ration des tissus, ce qui en fait un excellent alli\u00e9 pour les petites coupures ou les \u00e9raflures.<\/p>\n<\/li>\n<li>\n<p data-path-to-node=\"7,3,0\"><b data-path-to-node=\"7,3,0\" data-index-in-node=\"0\">\u00c9quilibrant :<\/b> Aide \u00e0 r\u00e9guler la production de s\u00e9bum sans agresser l&rsquo;\u00e9piderme.<\/p>\n<\/li>\n<\/ul>\n<h4 data-path-to-node=\"8\">2. Pour le Bien-\u00eatre (Aromath\u00e9rapie)<\/h4>\n<ul data-path-to-node=\"9\">\n<li>\n<p data-path-to-node=\"9,0,0\"><b data-path-to-node=\"9,0,0\" data-index-in-node=\"0\">Anti-stress :<\/b> L&rsquo;inhalation des effluves de lavande pendant la toilette r\u00e9duit l&rsquo;anxi\u00e9t\u00e9 et favorise la d\u00e9tente nerveuse.<\/p>\n<\/li>\n<li>\n<p data-path-to-node=\"9,1,0\"><b data-path-to-node=\"9,1,0\" data-index-in-node=\"0\">Aide au Sommeil :<\/b> Utilis\u00e9 le soir, il pr\u00e9pare le corps et l&rsquo;esprit au repos, facilitant l&rsquo;endormissement.<\/p>\n<\/li>\n<\/ul>","protected":false},"excerpt":{"rendered":"<p style=\"text-align: right;\" data-path-to-node=\"3\"><i data-path-to-node=\"3\" data-index-in-node=\"0\">\u0647\u062f\u0648\u0621 \u0627\u0644\u0637\u0628\u064a\u0639\u0629 \u0628\u064a\u0646 \u064a\u062f\u064a\u0643\u0650 \u0644\u0628\u0634\u0631\u0629 \u0635\u0627\u0641\u064a\u0629 \u0648\u0631\u0648\u062d \u0647\u0627\u062f\u0626\u0629.<\/i><\/p>\n<p style=\"text-align: right;\" data-path-to-node=\"4\">\u0627\u0633\u062a\u0645\u062a\u0639\u064a \u0628\u0631\u062d\u0644\u0629 \u0625\u0644\u0649 \u062d\u0642\u0648\u0644 \u0627\u0644\u062e\u0632\u0627\u0645\u0649 \u0645\u0639 \u0643\u0644 \u0627\u0633\u062a\u062e\u062f\u0627\u0645 \u0644\u0647\u0630\u0627 \u0627\u0644\u0635\u0627\u0628\u0648\u0646 \u0627\u0644\u0641\u0631\u064a\u062f. \u064a\u062c\u0645\u0639 \u0635\u0627\u0628\u0648\u0646\u0646\u0627 \u0628\u064a\u0646 \u0627\u0644\u062e\u0635\u0627\u0626\u0635 \u0627\u0644\u0645\u0637\u0647\u0631\u0629 \u0644\u0646\u0628\u062a\u0629 \u0627\u0644\u062e\u0632\u0627\u0645\u0649 \u0648\u0627\u0644\u0632\u064a\u0648\u062a \u0627\u0644\u0646\u0628\u0627\u062a\u064a\u0629 \u0627\u0644\u0645\u063a\u0630\u064a\u0629\u060c \u0644\u064a\u0645\u0646\u062d\u0643\u0650 \u062a\u062c\u0631\u0628\u0629 \u0627\u0633\u062a\u062d\u0645\u0627\u0645 \u0641\u0627\u062e\u0631\u0629 \u062a\u0646\u0638\u0641 \u0628\u0634\u0631\u062a\u0643\u0650 \u0628\u0639\u0645\u0642 \u0648\u062a\u063a\u0645\u0631 \u062d\u0648\u0627\u0633\u0643\u0650 \u0628\u0639\u0628\u064a\u0631 \u0645\u0647\u062f\u0626 \u064a\u0633\u0627\u0639\u062f\u0643\u0650 \u0639\u0644\u0649 \u0627\u0644\u062a\u062e\u0644\u0635 \u0645\u0646 \u062a\u0648\u062a\u0631 \u0627\u0644\u064a\u0648\u0645.<\/p>\n<p style=\"text-align: right;\" data-path-to-node=\"5\"><b data-path-to-node=\"5\" data-index-in-node=\"0\">\u00a0<\/b><b data-path-to-node=\"6,0,0\" data-index-in-node=\"0\">\u0645\u0636\u0627\u062f \u0637\u0628\u064a\u0639\u064a \u0644\u0644\u0628\u0643\u062a\u064a\u0631\u064a\u0627:<\/b> \u064a\u0633\u0627\u0639\u062f \u0632\u064a\u062a \u0627\u0644\u062e\u0632\u0627\u0645\u0649 \u0639\u0644\u0649 \u062a\u0646\u0642\u064a\u0629 \u0627\u0644\u0628\u0634\u0631\u0629 \u0645\u0646 \u0627\u0644\u0634\u0648\u0627\u0626\u0628 \u0648\u0627\u0644\u0633\u0645\u0648\u0645\u060c \u0645\u0645\u0627 \u064a\u0642\u0644\u0644 \u0645\u0646 \u0638\u0647\u0648\u0631 \u0627\u0644\u062d\u0628\u0648\u0628 \u0648\u0627\u0644\u0639\u064a\u0648\u0628.<\/p>\n<ul data-path-to-node=\"6\">\n<li style=\"text-align: right;\">\n<p data-path-to-node=\"6,1,0\"><b data-path-to-node=\"6,1,0\" data-index-in-node=\"0\">\u062a\u0647\u062f\u0626\u0629 \u0627\u0644\u0628\u0634\u0631\u0629 \u0627\u0644\u062d\u0633\u0627\u0633\u0629:<\/b> \u064a\u0639\u0645\u0644 \u0628\u0641\u0639\u0627\u0644\u064a\u0629 \u0639\u0644\u0649 \u062a\u0644\u0637\u064a\u0641 \u0627\u0644\u0627\u062d\u0645\u0631\u0627\u0631 \u0648\u0627\u0644\u062a\u0647\u064a\u062c\u060c \u0645\u0645\u0627 \u064a\u062c\u0639\u0644\u0647 \u0645\u062b\u0627\u0644\u064a\u0627\u064b \u0644\u062c\u0645\u064a\u0639 \u0623\u0646\u0648\u0627\u0639 \u0627\u0644\u0628\u0634\u0631\u0629\u060c \u062d\u062a\u0649 \u0627\u0644\u0623\u0643\u062b\u0631 \u062d\u0633\u0627\u0633\u064a\u0629.<\/p>\n<\/li>\n<li style=\"text-align: right;\">\n<p data-path-to-node=\"6,2,0\"><b data-path-to-node=\"6,2,0\" data-index-in-node=\"0\">\u062a\u0631\u0637\u064a\u0628 \u0648\u062a\u0648\u0627\u0632\u0646:<\/b> \u064a\u0646\u0638\u0641 \u0627\u0644\u0628\u0634\u0631\u0629 \u062f\u0648\u0646 \u0623\u0646 \u064a\u062a\u0633\u0628\u0628 \u0641\u064a \u062c\u0641\u0627\u0641\u0647\u0627\u060c \u0628\u0644 \u064a\u062d\u0627\u0641\u0638 \u0639\u0644\u0649 \u062a\u0648\u0627\u0632\u0646 \u0627\u0644\u0632\u064a\u0648\u062a \u0627\u0644\u0637\u0628\u064a\u0639\u064a\u0629 \u0648\u064a\u062a\u0631\u0643\u0647\u0627 \u0646\u0627\u0639\u0645\u0629 \u0648\u0645\u0631\u0646\u0629.<\/p>\n<\/li>\n<li>\n<p style=\"text-align: right;\" data-path-to-node=\"6,3,0\"><b data-path-to-node=\"6,3,0\" data-index-in-node=\"0\">\u062a\u062c\u0631\u0628\u0629 \u0639\u0637\u0631\u064a\u0629 \u0645\u0631\u064a\u062d\u0629:<\/b> \u0631\u0627\u0626\u062d\u0629 \u0627\u0644\u0644\u0627\u0641\u0646\u062f\u0631 \u0627\u0644\u0641\u0648\u0627\u062d\u0629 \u0645\u0639\u0631\u0648\u0641\u0629 \u0628\u0642\u062f\u0631\u062a\u0647\u0627 \u0639\u0644\u0649 \u0627\u0644\u0645\u0633\u0627\u0639\u062f\u0629 \u0641\u064a \u0627\u0644\u0627\u0633\u062a\u0631\u062e\u0627\u0621 \u0648\u062a\u062d\u0633\u064a\u0646 \u062c\u0648\u062f\u0629 \u0627\u0644\u0646\u0648\u0645.<\/p>\n<\/li>\n<\/ul>","protected":false},"featured_media":7866,"comment_status":"closed","ping_status":"closed","template":"","meta":{"_uag_custom_page_level_css":"","site-sidebar-layout":"default","site-content-layout":"","ast-site-content-layout":"default","site-content-style":"default","site-sidebar-style":"default","ast-global-header-display":"","ast-banner-title-visibility":"","ast-main-header-display":"","ast-hfb-above-header-display":"","ast-hfb-below-header-display":"","ast-hfb-mobile-header-display":"","site-post-title":"","ast-breadcrumbs-content":"","ast-featured-img":"","footer-sml-layout":"","ast-disable-related-posts":"","theme-transparent-header-meta":"default","adv-header-id-meta":"","stick-header-meta":"","header-above-stick-meta":"","header-main-stick-meta":"","header-below-stick-meta":"","astra-migrate-meta-layouts":"set","ast-page-background-enabled":"default","ast-page-background-meta":{"desktop":{"background-color":"","background-image":"","background-repeat":"repeat","background-position":"center center","background-size":"auto","background-attachment":"scroll","background-type":"","background-media":"","overlay-type":"","overlay-color":"","overlay-opacity":"","overlay-gradient":""},"tablet":{"background-color":"","background-image":"","background-repeat":"repeat","background-position":"center center","background-size":"auto","background-attachment":"scroll","background-type":"","background-media":"","overlay-type":"","overlay-color":"","overlay-opacity":"","overlay-gradient":""},"mobile":{"background-color":"","background-image":"","background-repeat":"repeat","background-position":"center center","background-size":"auto","background-attachment":"scroll","background-type":"","background-media":"","overlay-type":"","overlay-color":"","overlay-opacity":"","overlay-gradient":""}},"ast-content-background-meta":{"desktop":{"background-color":"var(--ast-global-color-5)","background-image":"","background-repeat":"repeat","background-position":"center center","background-size":"auto","background-attachment":"scroll","background-type":"","background-media":"","overlay-type":"","overlay-color":"","overlay-opacity":"","overlay-gradient":""},"tablet":{"background-color":"var(--ast-global-color-5)","background-image":"","background-repeat":"repeat","background-position":"center center","background-size":"auto","background-attachment":"scroll","background-type":"","background-media":"","overlay-type":"","overlay-color":"","overlay-opacity":"","overlay-gradient":""},"mobile":{"background-color":"var(--ast-global-color-5)","background-image":"","background-repeat":"repeat","background-position":"center center","background-size":"auto","background-attachment":"scroll","background-type":"","background-media":"","overlay-type":"","overlay-color":"","overlay-opacity":"","overlay-gradient":""}}},"product_brand":[],"product_cat":[16],"product_tag":[],"class_list":{"0":"post-7701","1":"product","2":"type-product","3":"status-publish","4":"has-post-thumbnail","6":"product_cat-cosmetique","7":"desktop-align-center","8":"tablet-align-center","9":"mobile-align-center","11":"first","12":"instock","13":"shipping-taxable","14":"purchasable","15":"product-type-simple"},"aioseo_notices":[],"uagb_featured_image_src":{"full":["https:\/\/allbiomorocco.com\/wp-content\/uploads\/2026\/03\/savan_lavande.jpg",1024,1024,false],"thumbnail":["https:\/\/allbiomorocco.com\/wp-content\/uploads\/2026\/03\/savan_lavande-150x150.jpg",150,150,true],"medium":["https:\/\/allbiomorocco.com\/wp-content\/uploads\/2026\/03\/savan_lavande-300x300.jpg",300,300,true],"medium_large":["https:\/\/allbiomorocco.com\/wp-content\/uploads\/2026\/03\/savan_lavande-768x768.jpg",768,768,true],"large":["https:\/\/allbiomorocco.com\/wp-content\/uploads\/2026\/03\/savan_lavande.jpg",1024,1024,false],"1536x1536":["https:\/\/allbiomorocco.com\/wp-content\/uploads\/2026\/03\/savan_lavande.jpg",1024,1024,false],"2048x2048":["https:\/\/allbiomorocco.com\/wp-content\/uploads\/2026\/03\/savan_lavande.jpg",1024,1024,false],"trp-custom-language-flag":["https:\/\/allbiomorocco.com\/wp-content\/uploads\/2026\/03\/savan_lavande-12x12.jpg",12,12,true],"woocommerce_thumbnail":["https:\/\/allbiomorocco.com\/wp-content\/uploads\/2026\/03\/savan_lavande-300x300.jpg",300,300,true],"woocommerce_single":["https:\/\/allbiomorocco.com\/wp-content\/uploads\/2026\/03\/savan_lavande-600x600.jpg",600,600,true],"woocommerce_gallery_thumbnail":["https:\/\/allbiomorocco.com\/wp-content\/uploads\/2026\/03\/savan_lavande-100x100.jpg",100,100,true]},"uagb_author_info":{"display_name":"NOUZHA ABARDAQ","author_link":"https:\/\/allbiomorocco.com\/en\/author\/"},"uagb_comment_info":0,"uagb_excerpt":"\u0647\u062f\u0648\u0621 \u0627\u0644\u0637\u0628\u064a\u0639\u0629 \u0628\u064a\u0646 \u064a\u062f\u064a\u0643\u0650 \u0644\u0628\u0634\u0631\u0629 \u0635\u0627\u0641\u064a\u0629 \u0648\u0631\u0648\u062d \u0647\u0627\u062f\u0626\u0629. \u0627\u0633\u062a\u0645\u062a\u0639\u064a \u0628\u0631\u062d\u0644\u0629 \u0625\u0644\u0649 \u062d\u0642\u0648\u0644 \u0627\u0644\u062e\u0632\u0627\u0645\u0649 \u0645\u0639 \u0643\u0644 \u0627\u0633\u062a\u062e\u062f\u0627\u0645 \u0644\u0647\u0630\u0627 \u0627\u0644\u0635\u0627\u0628\u0648\u0646 \u0627\u0644\u0641\u0631\u064a\u062f. \u064a\u062c\u0645\u0639 \u0635\u0627\u0628\u0648\u0646\u0646\u0627 \u0628\u064a\u0646 \u0627\u0644\u062e\u0635\u0627\u0626\u0635 \u0627\u0644\u0645\u0637\u0647\u0631\u0629 \u0644\u0646\u0628\u062a\u0629 \u0627\u0644\u062e\u0632\u0627\u0645\u0649 \u0648\u0627\u0644\u0632\u064a\u0648\u062a \u0627\u0644\u0646\u0628\u0627\u062a\u064a\u0629 \u0627\u0644\u0645\u063a\u0630\u064a\u0629\u060c \u0644\u064a\u0645\u0646\u062d\u0643\u0650 \u062a\u062c\u0631\u0628\u0629 \u0627\u0633\u062a\u062d\u0645\u0627\u0645 \u0641\u0627\u062e\u0631\u0629 \u062a\u0646\u0638\u0641 \u0628\u0634\u0631\u062a\u0643\u0650 \u0628\u0639\u0645\u0642 \u0648\u062a\u063a\u0645\u0631 \u062d\u0648\u0627\u0633\u0643\u0650 \u0628\u0639\u0628\u064a\u0631 \u0645\u0647\u062f\u0626 \u064a\u0633\u0627\u0639\u062f\u0643\u0650 \u0639\u0644\u0649 \u0627\u0644\u062a\u062e\u0644\u0635 \u0645\u0646 \u062a\u0648\u062a\u0631 \u0627\u0644\u064a\u0648\u0645. \u00a0\u0645\u0636\u0627\u062f \u0637\u0628\u064a\u0639\u064a \u0644\u0644\u0628\u0643\u062a\u064a\u0631\u064a\u0627: \u064a\u0633\u0627\u0639\u062f \u0632\u064a\u062a \u0627\u0644\u062e\u0632\u0627\u0645\u0649 \u0639\u0644\u0649 \u062a\u0646\u0642\u064a\u0629 \u0627\u0644\u0628\u0634\u0631\u0629&hellip;","_links":{"self":[{"href":"https:\/\/allbiomorocco.com\/en\/wp-json\/wp\/v2\/product\/7701","targetHints":{"allow":["GET"]}}],"collection":[{"href":"https:\/\/allbiomorocco.com\/en\/wp-json\/wp\/v2\/product"}],"about":[{"href":"https:\/\/allbiomorocco.com\/en\/wp-json\/wp\/v2\/types\/product"}],"replies":[{"embeddable":true,"href":"https:\/\/allbiomorocco.com\/en\/wp-json\/wp\/v2\/comments?post=7701"}],"wp:featuredmedia":[{"embeddable":true,"href":"https:\/\/allbiomorocco.com\/en\/wp-json\/wp\/v2\/media\/7866"}],"wp:attachment":[{"href":"https:\/\/allbiomorocco.com\/en\/wp-json\/wp\/v2\/media?parent=7701"}],"wp:term":[{"taxonomy":"product_brand","embeddable":true,"href":"https:\/\/allbiomorocco.com\/en\/wp-json\/wp\/v2\/product_brand?post=7701"},{"taxonomy":"product_cat","embeddable":true,"href":"https:\/\/allbiomorocco.com\/en\/wp-json\/wp\/v2\/product_cat?post=7701"},{"taxonomy":"product_tag","embeddable":true,"href":"https:\/\/allbiomorocco.com\/en\/wp-json\/wp\/v2\/product_tag?post=7701"}],"curies":[{"name":"wp","href":"https:\/\/api.w.org\/{rel}","templated":true}]}}