{"id":7702,"date":"2026-01-21T13:49:49","date_gmt":"2026-01-21T13:49:49","guid":{"rendered":"https:\/\/allbiomorocco.com\/?post_type=product&#038;p=7702"},"modified":"2026-04-26T14:01:59","modified_gmt":"2026-04-26T14:01:59","slug":"creme-cedre","status":"publish","type":"product","link":"https:\/\/allbiomorocco.com\/en\/product\/creme-cedre\/","title":{"rendered":"Cr\u00e8me Sidre"},"content":{"rendered":"<p>La cr\u00e8me de c\u00e8dre est un soin naturel \u00e9labor\u00e9 \u00e0 partir de l\u2019extrait des feuilles de jujubier (Ziziphus lotus \/ Ziziphus jujuba). Sa texture douce et onctueuse p\u00e9n\u00e8tre rapidement la peau et le cuir chevelu, sans laisser de film gras. Riche en vitamines, min\u00e9raux et antioxydants, elle est id\u00e9ale pour les soins de beaut\u00e9 traditionnels et modernes.<\/p>\n<p><img decoding=\"async\" class=\"emoji\" role=\"img\" draggable=\"false\" src=\"https:\/\/s.w.org\/images\/core\/emoji\/17.0.2\/svg\/1f338.svg\" alt=\"\ud83c\udf38\" title=\"Cr\u00e8me Sidre\">\u00a0Bienfaits pour la peau<\/p>\n<p>Purifiante : nettoie la peau en profondeur, aide \u00e0 \u00e9liminer les impuret\u00e9s et l\u2019exc\u00e8s de s\u00e9bum.<\/p>\n<p>Anti-\u00e2ge : prot\u00e8ge contre le vieillissement cutan\u00e9 gr\u00e2ce \u00e0 ses antioxydants naturels.<\/p>\n<p>Apaisante : calme les irritations, rougeurs et d\u00e9mangeaisons.<\/p>\n<p>Hydratante : nourrit la peau, la rend douce, \u00e9clatante et velout\u00e9e.<\/p>\n<p>Cicatrisante : favorise la r\u00e9g\u00e9n\u00e9ration cellulaire, r\u00e9duit traces et imperfections.<\/p>\n<p><img decoding=\"async\" class=\"emoji\" role=\"img\" draggable=\"false\" src=\"https:\/\/s.w.org\/images\/core\/emoji\/17.0.2\/svg\/1f33f.svg\" alt=\"\ud83c\udf3f\" title=\"Cr\u00e8me Sidre\">\u00a0Bienfaits pour les cheveux<\/p>\n<p>Renforce la fibre capillaire et pr\u00e9vient la casse.<\/p>\n<p>Stimule la pousse et r\u00e9duit la chute des cheveux.<\/p>\n<p>Apaise le cuir chevelu sensible ou irrit\u00e9.<\/p>\n<p>Redonne brillance et volume aux cheveux ternes et fatigu\u00e9s.<\/p>\n<p><img decoding=\"async\" class=\"emoji\" role=\"img\" draggable=\"false\" src=\"https:\/\/s.w.org\/images\/core\/emoji\/17.0.2\/svg\/1f486.svg\" alt=\"\ud83d\udc86\" title=\"Cr\u00e8me Sidre\">\u00a0Utilisation<\/p>\n<p>Peau : appliquer en massage doux sur le visage ou le corps.<\/p>\n<p>Cheveux : utiliser comme masque nourrissant avant le shampooing, ou comme soin hydratant sans rin\u00e7age en petite quantit\u00e9.<\/p>\n<p><img decoding=\"async\" class=\"emoji\" role=\"img\" draggable=\"false\" src=\"https:\/\/s.w.org\/images\/core\/emoji\/17.0.2\/svg\/1f449.svg\" alt=\"\ud83d\udc49\" title=\"Cr\u00e8me Sidre\">\u00a0La cr\u00e8me de cidre est donc un soin complet 2 en 1, id\u00e9al pour la peau et les cheveux, alliant tradition marocaine et bien-\u00eatre moderne<\/p>","protected":false},"excerpt":{"rendered":"<p style=\"text-align: right;\" data-path-to-node=\"3\"><i data-path-to-node=\"3\" data-index-in-node=\"0\">\u0639\u0646\u0627\u064a\u0629 \u0645\u0644\u0643\u064a\u0629 \u0645\u0633\u062a\u0648\u062d\u0627\u0629 \u0645\u0646 \u0627\u0644\u062a\u0631\u0627\u062b \u0644\u062a\u0646\u0642\u064a\u0629 \u0648\u062a\u062c\u062f\u064a\u062f \u0628\u0634\u0631\u062a\u0643\u0650.<\/i><\/p>\n<p style=\"text-align: right;\" data-path-to-node=\"4\">\u0627\u0643\u062a\u0634\u0641\u064a \u0627\u0644\u0642\u0648\u0629 \u0627\u0644\u0639\u0644\u0627\u062c\u064a\u0629 \u0644\u0646\u0628\u062a\u0629 \u0627\u0644\u0633\u062f\u0631 \u0641\u064a \u0643\u0631\u064a\u0645 \u0648\u0627\u062d\u062f \u063a\u0646\u064a \u0648\u0645\u063a\u0630\u064a. \u064a\u064f\u0639\u062f \u0627\u0644\u0633\u062f\u0631 \u0645\u0646 \u0623\u0642\u062f\u0645 \u0627\u0644\u0623\u0633\u0631\u0627\u0631 \u0627\u0644\u062c\u0645\u0627\u0644\u064a\u0629 \u0627\u0644\u062a\u064a \u0627\u0633\u062a\u064f\u062e\u062f\u0645\u062a \u0644\u062a\u0646\u0642\u064a\u0629 \u0627\u0644\u0628\u0634\u0631\u0629 \u0648\u062a\u0635\u0641\u064a\u062a\u0647\u0627\u060c \u062d\u064a\u062b \u064a\u0639\u0645\u0644 \u0647\u0630\u0627 \u0627\u0644\u0643\u0631\u064a\u0645 \u0639\u0644\u0649 \u062f\u0645\u062c \u0641\u0648\u0627\u0626\u062f \u0627\u0644\u0633\u062f\u0631 \u0627\u0644\u0645\u0637\u0647\u0631\u0629 \u0645\u0639 \u0632\u064a\u0648\u062a \u0645\u0631\u0637\u0628\u0629 \u0644\u064a\u0645\u0646\u062d\u0643\u0650 \u0628\u0634\u0631\u0629 \u0635\u0627\u0641\u064a\u0629\u060c \u0646\u0627\u0639\u0645\u0629\u060c \u0648\u0645\u0634\u0631\u0642\u0629 \u062a\u0639\u0643\u0633 \u062c\u0645\u0627\u0644\u0643\u0650 \u0627\u0644\u0637\u0628\u064a\u0639\u064a.<\/p>\n<ul data-path-to-node=\"6\">\n<li style=\"text-align: right;\">\n<p data-path-to-node=\"6,0,0\"><b data-path-to-node=\"6,0,0\" data-index-in-node=\"0\">\u062a\u0646\u0642\u064a\u0629 \u0648\u062a\u0635\u0641\u064a\u0629 \u0627\u0644\u0628\u0634\u0631\u0629:<\/b> \u064a\u0639\u0645\u0644 \u0627\u0644\u0633\u062f\u0631 \u0643\u0645\u0646\u0638\u0641 \u0637\u0628\u064a\u0639\u064a \u064a\u0633\u0627\u0639\u062f \u0641\u064a \u062a\u062e\u0644\u064a\u0635 \u0627\u0644\u0645\u0633\u0627\u0645 \u0645\u0646 \u0627\u0644\u0634\u0648\u0627\u0626\u0628 \u0648\u0627\u0644\u062f\u0647\u0648\u0646 \u0627\u0644\u0632\u0627\u0626\u062f\u0629\u060c \u0645\u0645\u0627 \u064a\u0642\u0644\u0644 \u0645\u0646 \u0638\u0647\u0648\u0631 \u0627\u0644\u062d\u0628\u0648\u0628.<\/p>\n<\/li>\n<li style=\"text-align: right;\">\n<p data-path-to-node=\"6,1,0\"><b data-path-to-node=\"6,1,0\" data-index-in-node=\"0\">\u062a\u0648\u062d\u064a\u062f \u0644\u0648\u0646 \u0627\u0644\u0628\u0634\u0631\u0629:<\/b> \u064a\u0633\u0627\u0639\u062f \u0641\u064a \u062a\u0641\u062a\u064a\u062d \u0627\u0644\u0628\u0642\u0639 \u0627\u0644\u062f\u0627\u0643\u0646\u0629 \u0648\u062a\u0648\u062d\u064a\u062f \u0644\u0648\u0646 \u0627\u0644\u0648\u062c\u0647 \u0648\u0627\u0644\u062c\u0633\u0645 \u0628\u0641\u0639\u0627\u0644\u064a\u0629 \u0645\u0639 \u0627\u0644\u0627\u0633\u062a\u062e\u062f\u0627\u0645 \u0627\u0644\u0645\u0633\u062a\u0645\u0631.<\/p>\n<\/li>\n<li style=\"text-align: right;\">\n<p data-path-to-node=\"6,2,0\"><b data-path-to-node=\"6,2,0\" data-index-in-node=\"0\">\u0634\u062f \u0627\u0644\u0628\u0634\u0631\u0629 \u0648\u0645\u062d\u0627\u0631\u0628\u0629 \u0627\u0644\u062a\u062c\u0627\u0639\u064a\u062f:<\/b> \u064a\u0633\u0627\u0647\u0645 \u0641\u064a \u062a\u062d\u0633\u064a\u0646 \u0645\u0631\u0648\u0646\u0629 \u0627\u0644\u062c\u0644\u062f \u0648\u064a\u0645\u0646\u062d\u0647 \u0645\u0638\u0647\u0631\u0627\u064b \u0645\u0634\u062f\u0648\u062f\u0627\u064b \u0648\u0623\u0643\u062b\u0631 \u0634\u0628\u0627\u0628\u0627\u064b.<\/p>\n<\/li>\n<li>\n<p style=\"text-align: right;\" data-path-to-node=\"6,3,0\"><b data-path-to-node=\"6,3,0\" data-index-in-node=\"0\">\u062a\u0631\u0637\u064a\u0628 \u0639\u0645\u064a\u0642 \u0648\u062a\u0647\u062f\u0626\u0629:<\/b> \u064a\u0644\u0637\u0641 \u0627\u0644\u0628\u0634\u0631\u0629 \u0627\u0644\u0645\u062a\u0647\u064a\u062c\u0629 \u0648\u064a\u0648\u0641\u0631 \u0644\u0647\u0627 \u062a\u0631\u0637\u064a\u0628\u0627\u064b \u064a\u062f\u0648\u0645 \u0637\u0648\u064a\u0644\u0627\u064b \u0628\u0641\u0636\u0644 \u0642\u0648\u0627\u0645\u0647 \u0627\u0644\u0643\u0631\u064a\u0645\u064a \u0627\u0644\u063a\u0646\u064a.<\/p>\n<\/li>\n<\/ul>","protected":false},"featured_media":7904,"comment_status":"closed","ping_status":"closed","template":"","meta":{"_uag_custom_page_level_css":"","site-sidebar-layout":"default","site-content-layout":"","ast-site-content-layout":"default","site-content-style":"default","site-sidebar-style":"default","ast-global-header-display":"","ast-banner-title-visibility":"","ast-main-header-display":"","ast-hfb-above-header-display":"","ast-hfb-below-header-display":"","ast-hfb-mobile-header-display":"","site-post-title":"","ast-breadcrumbs-content":"","ast-featured-img":"","footer-sml-layout":"","ast-disable-related-posts":"","theme-transparent-header-meta":"default","adv-header-id-meta":"","stick-header-meta":"","header-above-stick-meta":"","header-main-stick-meta":"","header-below-stick-meta":"","astra-migrate-meta-layouts":"set","ast-page-background-enabled":"default","ast-page-background-meta":{"desktop":{"background-color":"","background-image":"","background-repeat":"repeat","background-position":"center center","background-size":"auto","background-attachment":"scroll","background-type":"","background-media":"","overlay-type":"","overlay-color":"","overlay-opacity":"","overlay-gradient":""},"tablet":{"background-color":"","background-image":"","background-repeat":"repeat","background-position":"center center","background-size":"auto","background-attachment":"scroll","background-type":"","background-media":"","overlay-type":"","overlay-color":"","overlay-opacity":"","overlay-gradient":""},"mobile":{"background-color":"","background-image":"","background-repeat":"repeat","background-position":"center center","background-size":"auto","background-attachment":"scroll","background-type":"","background-media":"","overlay-type":"","overlay-color":"","overlay-opacity":"","overlay-gradient":""}},"ast-content-background-meta":{"desktop":{"background-color":"var(--ast-global-color-5)","background-image":"","background-repeat":"repeat","background-position":"center center","background-size":"auto","background-attachment":"scroll","background-type":"","background-media":"","overlay-type":"","overlay-color":"","overlay-opacity":"","overlay-gradient":""},"tablet":{"background-color":"var(--ast-global-color-5)","background-image":"","background-repeat":"repeat","background-position":"center center","background-size":"auto","background-attachment":"scroll","background-type":"","background-media":"","overlay-type":"","overlay-color":"","overlay-opacity":"","overlay-gradient":""},"mobile":{"background-color":"var(--ast-global-color-5)","background-image":"","background-repeat":"repeat","background-position":"center center","background-size":"auto","background-attachment":"scroll","background-type":"","background-media":"","overlay-type":"","overlay-color":"","overlay-opacity":"","overlay-gradient":""}}},"product_brand":[],"product_cat":[16],"product_tag":[],"class_list":{"0":"post-7702","1":"product","2":"type-product","3":"status-publish","4":"has-post-thumbnail","6":"product_cat-cosmetique","7":"desktop-align-center","8":"tablet-align-center","9":"mobile-align-center","11":"first","12":"instock","13":"shipping-taxable","14":"purchasable","15":"product-type-simple"},"aioseo_notices":[],"uagb_featured_image_src":{"full":["https:\/\/allbiomorocco.com\/wp-content\/uploads\/2026\/03\/creme_sidre.jpg",714,1024,false],"thumbnail":["https:\/\/allbiomorocco.com\/wp-content\/uploads\/2026\/03\/creme_sidre-150x150.jpg",150,150,true],"medium":["https:\/\/allbiomorocco.com\/wp-content\/uploads\/2026\/03\/creme_sidre-209x300.jpg",209,300,true],"medium_large":["https:\/\/allbiomorocco.com\/wp-content\/uploads\/2026\/03\/creme_sidre.jpg",714,1024,false],"large":["https:\/\/allbiomorocco.com\/wp-content\/uploads\/2026\/03\/creme_sidre.jpg",714,1024,false],"1536x1536":["https:\/\/allbiomorocco.com\/wp-content\/uploads\/2026\/03\/creme_sidre.jpg",714,1024,false],"2048x2048":["https:\/\/allbiomorocco.com\/wp-content\/uploads\/2026\/03\/creme_sidre.jpg",714,1024,false],"trp-custom-language-flag":["https:\/\/allbiomorocco.com\/wp-content\/uploads\/2026\/03\/creme_sidre-8x12.jpg",8,12,true],"woocommerce_thumbnail":["https:\/\/allbiomorocco.com\/wp-content\/uploads\/2026\/03\/creme_sidre-300x300.jpg",300,300,true],"woocommerce_single":["https:\/\/allbiomorocco.com\/wp-content\/uploads\/2026\/03\/creme_sidre-600x861.jpg",600,861,true],"woocommerce_gallery_thumbnail":["https:\/\/allbiomorocco.com\/wp-content\/uploads\/2026\/03\/creme_sidre-100x100.jpg",100,100,true]},"uagb_author_info":{"display_name":"NOUZHA ABARDAQ","author_link":"https:\/\/allbiomorocco.com\/en\/author\/"},"uagb_comment_info":0,"uagb_excerpt":"\u0639\u0646\u0627\u064a\u0629 \u0645\u0644\u0643\u064a\u0629 \u0645\u0633\u062a\u0648\u062d\u0627\u0629 \u0645\u0646 \u0627\u0644\u062a\u0631\u0627\u062b \u0644\u062a\u0646\u0642\u064a\u0629 \u0648\u062a\u062c\u062f\u064a\u062f \u0628\u0634\u0631\u062a\u0643\u0650. \u0627\u0643\u062a\u0634\u0641\u064a \u0627\u0644\u0642\u0648\u0629 \u0627\u0644\u0639\u0644\u0627\u062c\u064a\u0629 \u0644\u0646\u0628\u062a\u0629 \u0627\u0644\u0633\u062f\u0631 \u0641\u064a \u0643\u0631\u064a\u0645 \u0648\u0627\u062d\u062f \u063a\u0646\u064a \u0648\u0645\u063a\u0630\u064a. \u064a\u064f\u0639\u062f \u0627\u0644\u0633\u062f\u0631 \u0645\u0646 \u0623\u0642\u062f\u0645 \u0627\u0644\u0623\u0633\u0631\u0627\u0631 \u0627\u0644\u062c\u0645\u0627\u0644\u064a\u0629 \u0627\u0644\u062a\u064a \u0627\u0633\u062a\u064f\u062e\u062f\u0645\u062a \u0644\u062a\u0646\u0642\u064a\u0629 \u0627\u0644\u0628\u0634\u0631\u0629 \u0648\u062a\u0635\u0641\u064a\u062a\u0647\u0627\u060c \u062d\u064a\u062b \u064a\u0639\u0645\u0644 \u0647\u0630\u0627 \u0627\u0644\u0643\u0631\u064a\u0645 \u0639\u0644\u0649 \u062f\u0645\u062c \u0641\u0648\u0627\u0626\u062f \u0627\u0644\u0633\u062f\u0631 \u0627\u0644\u0645\u0637\u0647\u0631\u0629 \u0645\u0639 \u0632\u064a\u0648\u062a \u0645\u0631\u0637\u0628\u0629 \u0644\u064a\u0645\u0646\u062d\u0643\u0650 \u0628\u0634\u0631\u0629 \u0635\u0627\u0641\u064a\u0629\u060c \u0646\u0627\u0639\u0645\u0629\u060c \u0648\u0645\u0634\u0631\u0642\u0629 \u062a\u0639\u0643\u0633 \u062c\u0645\u0627\u0644\u0643\u0650 \u0627\u0644\u0637\u0628\u064a\u0639\u064a. \u062a\u0646\u0642\u064a\u0629 \u0648\u062a\u0635\u0641\u064a\u0629 \u0627\u0644\u0628\u0634\u0631\u0629: \u064a\u0639\u0645\u0644 \u0627\u0644\u0633\u062f\u0631 \u0643\u0645\u0646\u0638\u0641&hellip;","_links":{"self":[{"href":"https:\/\/allbiomorocco.com\/en\/wp-json\/wp\/v2\/product\/7702","targetHints":{"allow":["GET"]}}],"collection":[{"href":"https:\/\/allbiomorocco.com\/en\/wp-json\/wp\/v2\/product"}],"about":[{"href":"https:\/\/allbiomorocco.com\/en\/wp-json\/wp\/v2\/types\/product"}],"replies":[{"embeddable":true,"href":"https:\/\/allbiomorocco.com\/en\/wp-json\/wp\/v2\/comments?post=7702"}],"wp:featuredmedia":[{"embeddable":true,"href":"https:\/\/allbiomorocco.com\/en\/wp-json\/wp\/v2\/media\/7904"}],"wp:attachment":[{"href":"https:\/\/allbiomorocco.com\/en\/wp-json\/wp\/v2\/media?parent=7702"}],"wp:term":[{"taxonomy":"product_brand","embeddable":true,"href":"https:\/\/allbiomorocco.com\/en\/wp-json\/wp\/v2\/product_brand?post=7702"},{"taxonomy":"product_cat","embeddable":true,"href":"https:\/\/allbiomorocco.com\/en\/wp-json\/wp\/v2\/product_cat?post=7702"},{"taxonomy":"product_tag","embeddable":true,"href":"https:\/\/allbiomorocco.com\/en\/wp-json\/wp\/v2\/product_tag?post=7702"}],"curies":[{"name":"wp","href":"https:\/\/api.w.org\/{rel}","templated":true}]}}