{"id":7706,"date":"2026-01-21T13:49:50","date_gmt":"2026-01-21T13:49:50","guid":{"rendered":"https:\/\/allbiomorocco.com\/?post_type=product&#038;p=7706"},"modified":"2026-04-26T12:40:17","modified_gmt":"2026-04-26T12:40:17","slug":"gommage-miel-2","status":"publish","type":"product","link":"https:\/\/allbiomorocco.com\/en\/product\/gommage-miel-2\/","title":{"rendered":"Gommage Miel"},"content":{"rendered":"<p data-path-to-node=\"5\">D\u00e9couvrez la douceur absolue avec notre gommage au miel, un soin ancestral reconnu pour ses vertus cicatrisantes et hydratantes. Ce soin exfolie la peau en finesse tout en lui apportant les nutriments essentiels. Sa texture gourmande fond sur la peau pour r\u00e9v\u00e9ler un teint lumineux et un grain de peau affin\u00e9.<\/p>\n<p data-path-to-node=\"6\"><b data-path-to-node=\"6\" data-index-in-node=\"0\">Ses b\u00e9n\u00e9fices :<\/b><\/p>\n<ul data-path-to-node=\"7\">\n<li>\n<p data-path-to-node=\"7,0,0\"><b data-path-to-node=\"7,0,0\" data-index-in-node=\"0\">Exfoliation Naturelle :<\/b> \u00c9limine les impuret\u00e9s tout en douceur pour respecter l&rsquo;\u00e9quilibre cutan\u00e9.<\/p>\n<\/li>\n<li>\n<p data-path-to-node=\"7,1,0\"><b data-path-to-node=\"7,1,0\" data-index-in-node=\"0\">Hydratation &amp; Nutrition :<\/b> Le miel, humectant naturel, retient l&rsquo;eau dans l&rsquo;\u00e9piderme pour une peau repulp\u00e9e.<\/p>\n<\/li>\n<li>\n<p data-path-to-node=\"7,2,0\"><b data-path-to-node=\"7,2,0\" data-index-in-node=\"0\">Action Purifiante :<\/b> Gr\u00e2ce \u00e0 ses propri\u00e9t\u00e9s antibact\u00e9riennes, il aide \u00e0 purifier la peau et \u00e0 pr\u00e9venir les imperfections.<\/p>\n<\/li>\n<li>\n<p data-path-to-node=\"7,3,0\"><b data-path-to-node=\"7,3,0\" data-index-in-node=\"0\">\u00c9clat Imm\u00e9diat :<\/b> Redonne de la vitalit\u00e9 aux peaux ternes et fatigu\u00e9es.<\/p>\n<\/li>\n<\/ul>\n<p data-path-to-node=\"8\"><b data-path-to-node=\"8\" data-index-in-node=\"0\">Conseils d&rsquo;utilisation :<\/b> Appliquez sur le visage ou le corps humide. Massez d\u00e9licatement en gestes circulaires, laissez poser 2 minutes pour profiter des bienfaits du miel, puis rincez abondamment.<\/p>","protected":false},"excerpt":{"rendered":"<p style=\"text-align: right;\" data-path-to-node=\"12\">\n<p style=\"text-align: right;\" data-path-to-node=\"13\">\u0627\u0633\u062a\u0645\u062a\u0639\u064a \u0628\u0646\u0639\u0648\u0645\u0629 \u0644\u0627 \u062a\u0636\u0627\u0647\u0649 \u0645\u0639 \u0645\u0642\u0634\u0631 \u0627\u0644\u0639\u0633\u0644\u060c \u0627\u0644\u0645\u0633\u062a\u0648\u062d\u0649 \u0645\u0646 \u0623\u0633\u0631\u0627\u0631 \u0627\u0644\u062c\u0645\u0627\u0644 \u0627\u0644\u062a\u0642\u0644\u064a\u062f\u064a\u0629. \u064a\u062c\u0645\u0639 \u0647\u0630\u0627 \u0627\u0644\u0645\u0646\u062a\u062c \u0628\u064a\u0646 \u0642\u0648\u0629 \u0627\u0644\u062a\u0642\u0634\u064a\u0631 \u0627\u0644\u0644\u0637\u064a\u0641 \u0648\u0641\u0648\u0627\u0626\u062f \u0627\u0644\u0639\u0633\u0644 \u0627\u0644\u0645\u0639\u0631\u0648\u0641 \u0628\u0642\u062f\u0631\u062a\u0647 \u0627\u0644\u0641\u0627\u0626\u0642\u0629 \u0639\u0644\u0649 \u0627\u0644\u062a\u0631\u0637\u064a\u0628 \u0648\u0627\u0644\u062a\u0631\u0645\u064a\u0645. \u064a\u0646\u0633\u0627\u0628 \u0642\u0648\u0627\u0645\u0647 \u0627\u0644\u063a\u0646\u064a \u0639\u0644\u0649 \u0628\u0634\u0631\u062a\u0643 \u0644\u064a\u0632\u064a\u0644 \u0627\u0644\u0634\u0648\u0627\u0626\u0628 \u0648\u064a\u0645\u0646\u062d\u0643 \u0625\u0634\u0631\u0627\u0642\u0629 \u0641\u0648\u0631\u064a\u0629 \u0648\u0645\u0644\u0645\u0633\u0627\u064b \u0646\u0627\u0639\u0645\u0627\u064b \u0643\u0627\u0644\u062d\u0631\u064a\u0631<\/p>\n<ul data-path-to-node=\"15\">\n<li style=\"text-align: right;\">\n<p data-path-to-node=\"15,0,0\"><b data-path-to-node=\"15,0,0\" data-index-in-node=\"0\">\u062a\u0642\u0634\u064a\u0631 \u0648\u062a\u062c\u062f\u064a\u062f:<\/b> \u064a\u0632\u064a\u0644 \u0627\u0644\u062e\u0644\u0627\u064a\u0627 \u0627\u0644\u0645\u064a\u062a\u0629 \u0628\u0644\u0637\u0641 \u0648\u064a\u062d\u0641\u0632 \u062a\u062c\u062f\u064a\u062f \u062e\u0644\u0627\u064a\u0627 \u0627\u0644\u0628\u0634\u0631\u0629.<\/p>\n<\/li>\n<li style=\"text-align: right;\">\n<p data-path-to-node=\"15,1,0\"><b data-path-to-node=\"15,1,0\" data-index-in-node=\"0\">\u0645\u0631\u0637\u0628 \u0637\u0628\u064a\u0639\u064a:<\/b> \u0627\u0644\u0639\u0633\u0644 \u064a\u0639\u0645\u0644 \u0639\u0644\u0649 \u062d\u0628\u0633 \u0627\u0644\u0631\u0637\u0648\u0628\u0629 \u062f\u0627\u062e\u0644 \u0627\u0644\u062c\u0644\u062f\u060c \u0645\u0645\u0627 \u064a\u0645\u0646\u0639 \u062c\u0641\u0627\u0641\u0647 \u0628\u0639\u062f \u0627\u0644\u062a\u0642\u0634\u064a\u0631.<\/p>\n<\/li>\n<li style=\"text-align: right;\">\n<p data-path-to-node=\"15,2,0\"><b data-path-to-node=\"15,2,0\" data-index-in-node=\"0\">\u0645\u0636\u0627\u062f \u0637\u0628\u064a\u0639\u064a \u0644\u0644\u0634\u0648\u0627\u0626\u0628:<\/b> \u064a\u0633\u0627\u0639\u062f \u0641\u064a \u062a\u0646\u0642\u064a\u0629 \u0627\u0644\u0645\u0633\u0627\u0645 \u0628\u0641\u0636\u0644 \u062e\u0635\u0627\u0626\u0635 \u0627\u0644\u0639\u0633\u0644 \u0627\u0644\u0645\u0637\u0647\u0631\u0629 \u0648\u0627\u0644\u0645\u0636\u0627\u062f\u0629 \u0644\u0644\u0628\u0643\u062a\u064a\u0631\u064a\u0627.<\/p>\n<\/li>\n<li>\n<p style=\"text-align: right;\" data-path-to-node=\"15,3,0\"><b data-path-to-node=\"15,3,0\" data-index-in-node=\"0\">\u0646\u0636\u0627\u0631\u0629 \u0641\u0648\u0631\u064a\u0629:<\/b> \u064a\u062e\u0644\u0635 \u0627\u0644\u0628\u0634\u0631\u0629 \u0645\u0646 \u0627\u0644\u0634\u062d\u0648\u0628 \u0648\u064a\u0639\u064a\u062f \u0625\u0644\u064a\u0647\u0627 \u062d\u064a\u0648\u064a\u062a\u0647\u0627 \u0648\u0644\u0645\u0639\u0627\u0646\u0647\u0627 \u0627\u0644\u0637\u0628\u064a\u0639\u064a<\/p>\n<\/li>\n<\/ul>","protected":false},"featured_media":7873,"comment_status":"closed","ping_status":"closed","template":"","meta":{"_uag_custom_page_level_css":"","site-sidebar-layout":"default","site-content-layout":"","ast-site-content-layout":"default","site-content-style":"default","site-sidebar-style":"default","ast-global-header-display":"","ast-banner-title-visibility":"","ast-main-header-display":"","ast-hfb-above-header-display":"","ast-hfb-below-header-display":"","ast-hfb-mobile-header-display":"","site-post-title":"","ast-breadcrumbs-content":"","ast-featured-img":"","footer-sml-layout":"","ast-disable-related-posts":"","theme-transparent-header-meta":"default","adv-header-id-meta":"","stick-header-meta":"","header-above-stick-meta":"","header-main-stick-meta":"","header-below-stick-meta":"","astra-migrate-meta-layouts":"set","ast-page-background-enabled":"default","ast-page-background-meta":{"desktop":{"background-color":"","background-image":"","background-repeat":"repeat","background-position":"center center","background-size":"auto","background-attachment":"scroll","background-type":"","background-media":"","overlay-type":"","overlay-color":"","overlay-opacity":"","overlay-gradient":""},"tablet":{"background-color":"","background-image":"","background-repeat":"repeat","background-position":"center center","background-size":"auto","background-attachment":"scroll","background-type":"","background-media":"","overlay-type":"","overlay-color":"","overlay-opacity":"","overlay-gradient":""},"mobile":{"background-color":"","background-image":"","background-repeat":"repeat","background-position":"center center","background-size":"auto","background-attachment":"scroll","background-type":"","background-media":"","overlay-type":"","overlay-color":"","overlay-opacity":"","overlay-gradient":""}},"ast-content-background-meta":{"desktop":{"background-color":"var(--ast-global-color-5)","background-image":"","background-repeat":"repeat","background-position":"center center","background-size":"auto","background-attachment":"scroll","background-type":"","background-media":"","overlay-type":"","overlay-color":"","overlay-opacity":"","overlay-gradient":""},"tablet":{"background-color":"var(--ast-global-color-5)","background-image":"","background-repeat":"repeat","background-position":"center center","background-size":"auto","background-attachment":"scroll","background-type":"","background-media":"","overlay-type":"","overlay-color":"","overlay-opacity":"","overlay-gradient":""},"mobile":{"background-color":"var(--ast-global-color-5)","background-image":"","background-repeat":"repeat","background-position":"center center","background-size":"auto","background-attachment":"scroll","background-type":"","background-media":"","overlay-type":"","overlay-color":"","overlay-opacity":"","overlay-gradient":""}}},"product_brand":[],"product_cat":[16],"product_tag":[],"class_list":{"0":"post-7706","1":"product","2":"type-product","3":"status-publish","4":"has-post-thumbnail","6":"product_cat-cosmetique","7":"desktop-align-center","8":"tablet-align-center","9":"mobile-align-center","11":"first","12":"instock","13":"shipping-taxable","14":"purchasable","15":"product-type-simple"},"aioseo_notices":[],"uagb_featured_image_src":{"full":["https:\/\/allbiomorocco.com\/wp-content\/uploads\/2026\/03\/gommage_meil.jpg",1024,1024,false],"thumbnail":["https:\/\/allbiomorocco.com\/wp-content\/uploads\/2026\/03\/gommage_meil-150x150.jpg",150,150,true],"medium":["https:\/\/allbiomorocco.com\/wp-content\/uploads\/2026\/03\/gommage_meil-300x300.jpg",300,300,true],"medium_large":["https:\/\/allbiomorocco.com\/wp-content\/uploads\/2026\/03\/gommage_meil-768x768.jpg",768,768,true],"large":["https:\/\/allbiomorocco.com\/wp-content\/uploads\/2026\/03\/gommage_meil.jpg",1024,1024,false],"1536x1536":["https:\/\/allbiomorocco.com\/wp-content\/uploads\/2026\/03\/gommage_meil.jpg",1024,1024,false],"2048x2048":["https:\/\/allbiomorocco.com\/wp-content\/uploads\/2026\/03\/gommage_meil.jpg",1024,1024,false],"trp-custom-language-flag":["https:\/\/allbiomorocco.com\/wp-content\/uploads\/2026\/03\/gommage_meil-12x12.jpg",12,12,true],"woocommerce_thumbnail":["https:\/\/allbiomorocco.com\/wp-content\/uploads\/2026\/03\/gommage_meil-300x300.jpg",300,300,true],"woocommerce_single":["https:\/\/allbiomorocco.com\/wp-content\/uploads\/2026\/03\/gommage_meil-600x600.jpg",600,600,true],"woocommerce_gallery_thumbnail":["https:\/\/allbiomorocco.com\/wp-content\/uploads\/2026\/03\/gommage_meil-100x100.jpg",100,100,true]},"uagb_author_info":{"display_name":"NOUZHA ABARDAQ","author_link":"https:\/\/allbiomorocco.com\/en\/author\/"},"uagb_comment_info":0,"uagb_excerpt":"\u0627\u0633\u062a\u0645\u062a\u0639\u064a \u0628\u0646\u0639\u0648\u0645\u0629 \u0644\u0627 \u062a\u0636\u0627\u0647\u0649 \u0645\u0639 \u0645\u0642\u0634\u0631 \u0627\u0644\u0639\u0633\u0644\u060c \u0627\u0644\u0645\u0633\u062a\u0648\u062d\u0649 \u0645\u0646 \u0623\u0633\u0631\u0627\u0631 \u0627\u0644\u062c\u0645\u0627\u0644 \u0627\u0644\u062a\u0642\u0644\u064a\u062f\u064a\u0629. \u064a\u062c\u0645\u0639 \u0647\u0630\u0627 \u0627\u0644\u0645\u0646\u062a\u062c \u0628\u064a\u0646 \u0642\u0648\u0629 \u0627\u0644\u062a\u0642\u0634\u064a\u0631 \u0627\u0644\u0644\u0637\u064a\u0641 \u0648\u0641\u0648\u0627\u0626\u062f \u0627\u0644\u0639\u0633\u0644 \u0627\u0644\u0645\u0639\u0631\u0648\u0641 \u0628\u0642\u062f\u0631\u062a\u0647 \u0627\u0644\u0641\u0627\u0626\u0642\u0629 \u0639\u0644\u0649 \u0627\u0644\u062a\u0631\u0637\u064a\u0628 \u0648\u0627\u0644\u062a\u0631\u0645\u064a\u0645. \u064a\u0646\u0633\u0627\u0628 \u0642\u0648\u0627\u0645\u0647 \u0627\u0644\u063a\u0646\u064a \u0639\u0644\u0649 \u0628\u0634\u0631\u062a\u0643 \u0644\u064a\u0632\u064a\u0644 \u0627\u0644\u0634\u0648\u0627\u0626\u0628 \u0648\u064a\u0645\u0646\u062d\u0643 \u0625\u0634\u0631\u0627\u0642\u0629 \u0641\u0648\u0631\u064a\u0629 \u0648\u0645\u0644\u0645\u0633\u0627\u064b \u0646\u0627\u0639\u0645\u0627\u064b \u0643\u0627\u0644\u062d\u0631\u064a\u0631 \u062a\u0642\u0634\u064a\u0631 \u0648\u062a\u062c\u062f\u064a\u062f: \u064a\u0632\u064a\u0644 \u0627\u0644\u062e\u0644\u0627\u064a\u0627 \u0627\u0644\u0645\u064a\u062a\u0629 \u0628\u0644\u0637\u0641 \u0648\u064a\u062d\u0641\u0632 \u062a\u062c\u062f\u064a\u062f \u062e\u0644\u0627\u064a\u0627 \u0627\u0644\u0628\u0634\u0631\u0629. \u0645\u0631\u0637\u0628 \u0637\u0628\u064a\u0639\u064a: \u0627\u0644\u0639\u0633\u0644 \u064a\u0639\u0645\u0644 \u0639\u0644\u0649&hellip;","_links":{"self":[{"href":"https:\/\/allbiomorocco.com\/en\/wp-json\/wp\/v2\/product\/7706","targetHints":{"allow":["GET"]}}],"collection":[{"href":"https:\/\/allbiomorocco.com\/en\/wp-json\/wp\/v2\/product"}],"about":[{"href":"https:\/\/allbiomorocco.com\/en\/wp-json\/wp\/v2\/types\/product"}],"replies":[{"embeddable":true,"href":"https:\/\/allbiomorocco.com\/en\/wp-json\/wp\/v2\/comments?post=7706"}],"wp:featuredmedia":[{"embeddable":true,"href":"https:\/\/allbiomorocco.com\/en\/wp-json\/wp\/v2\/media\/7873"}],"wp:attachment":[{"href":"https:\/\/allbiomorocco.com\/en\/wp-json\/wp\/v2\/media?parent=7706"}],"wp:term":[{"taxonomy":"product_brand","embeddable":true,"href":"https:\/\/allbiomorocco.com\/en\/wp-json\/wp\/v2\/product_brand?post=7706"},{"taxonomy":"product_cat","embeddable":true,"href":"https:\/\/allbiomorocco.com\/en\/wp-json\/wp\/v2\/product_cat?post=7706"},{"taxonomy":"product_tag","embeddable":true,"href":"https:\/\/allbiomorocco.com\/en\/wp-json\/wp\/v2\/product_tag?post=7706"}],"curies":[{"name":"wp","href":"https:\/\/api.w.org\/{rel}","templated":true}]}}