{"id":7707,"date":"2026-01-21T13:49:50","date_gmt":"2026-01-21T13:49:50","guid":{"rendered":"https:\/\/allbiomorocco.com\/?post_type=product&#038;p=7707"},"modified":"2026-04-26T12:43:50","modified_gmt":"2026-04-26T12:43:50","slug":"gommage-cedre","status":"publish","type":"product","link":"https:\/\/allbiomorocco.com\/en\/product\/gommage-cedre\/","title":{"rendered":"Gommage Sidre"},"content":{"rendered":"<p data-path-to-node=\"5\">D\u00e9couvrez la puissance du Sidr dans un gommage naturel d&rsquo;exception. Utilis\u00e9 depuis des si\u00e8cles dans les rituels de beaut\u00e9 orientaux, le Sidr est une plante aux propri\u00e9t\u00e9s lavantes et apaisantes remarquables. Ce gommage \u00e9limine les impuret\u00e9s en douceur tout en respectant la sensibilit\u00e9 de l&rsquo;\u00e9piderme, laissant la peau parfaitement propre et r\u00e9g\u00e9n\u00e9r\u00e9e.<\/p>\n<p data-path-to-node=\"6\"><b data-path-to-node=\"6\" data-index-in-node=\"0\">Ses b\u00e9n\u00e9fices :<\/b><\/p>\n<ul data-path-to-node=\"7\">\n<li>\n<p data-path-to-node=\"7,0,0\"><b data-path-to-node=\"7,0,0\" data-index-in-node=\"0\">Nettoyage Profond :<\/b> \u00c9limine les toxines et les cellules mortes sans agresser la peau.<\/p>\n<\/li>\n<li>\n<p data-path-to-node=\"7,1,0\"><b data-path-to-node=\"7,1,0\" data-index-in-node=\"0\">Apaisement Imm\u00e9diat :<\/b> Id\u00e9al pour calmer les irritations et les peaux r\u00e9actives.<\/p>\n<\/li>\n<li>\n<p data-path-to-node=\"7,2,0\"><b data-path-to-node=\"7,2,0\" data-index-in-node=\"0\">Effet Astringent :<\/b> Aide \u00e0 resserrer les pores et \u00e0 affiner le grain de peau.<\/p>\n<\/li>\n<li>\n<p data-path-to-node=\"7,3,0\"><b data-path-to-node=\"7,3,0\" data-index-in-node=\"0\">\u00c9clat Naturel :<\/b> Redonne de la luminosit\u00e9 au teint gr\u00e2ce \u00e0 son action purifiante.<\/p>\n<\/li>\n<\/ul>\n<p data-path-to-node=\"8\"><b data-path-to-node=\"8\" data-index-in-node=\"0\">Conseils d&rsquo;utilisation :<\/b> Appliquez sur peau humide, massez d\u00e9licatement par mouvements circulaires, puis rincez \u00e0 l&rsquo;eau ti\u00e8de. Sa douceur permet une utilisation r\u00e9guli\u00e8re pour un teint frais et sain.<\/p>","protected":false},"excerpt":{"rendered":"<p style=\"text-align: right;\" data-path-to-node=\"12\">\n<p style=\"text-align: right;\" data-path-to-node=\"13\">\u0627\u0633\u062a\u0645\u062a\u0639\u064a \u0628\u0641\u0648\u0627\u0626\u062f \u0627\u0644\u0633\u062f\u0631 \u0627\u0644\u0645\u0630\u0647\u0644\u0629 \u0645\u0639 \u0647\u0630\u0627 \u0627\u0644\u0645\u0642\u0634\u0631 \u0627\u0644\u0637\u0628\u064a\u0639\u064a \u0627\u0644\u0645\u0633\u062a\u062e\u0644\u0635 \u0645\u0646 \u0623\u0648\u0631\u0627\u0642 \u0627\u0644\u0633\u062f\u0631 \u0627\u0644\u0645\u062e\u062a\u0627\u0631\u0629 \u0628\u0639\u0646\u0627\u064a\u0629. \u064a\u064f\u0639\u0631\u0641 \u0627\u0644\u0633\u062f\u0631 \u0645\u0646\u0630 \u0627\u0644\u0642\u062f\u0645 \u0628\u062e\u0635\u0627\u0626\u0635\u0647 \u0627\u0644\u0645\u0637\u0647\u0631\u0629 \u0648\u0627\u0644\u0645\u0646\u0638\u0641\u0629 \u0627\u0644\u0641\u0627\u0626\u0642\u0629\u060c \u062d\u064a\u062b \u064a\u0639\u0645\u0644 \u0647\u0630\u0627 \u0627\u0644\u0645\u0642\u0634\u0631 \u0639\u0644\u0649 \u062a\u062c\u062f\u064a\u062f \u0628\u0634\u0631\u062a\u0643 \u0628\u0644\u0637\u0641 \u0645\u0639 \u0627\u0644\u062d\u0641\u0627\u0638 \u0639\u0644\u0649 \u062a\u0648\u0627\u0632\u0646\u0647\u0627 \u0627\u0644\u0637\u0628\u064a\u0639\u064a\u060c \u0645\u0645\u0627 \u064a\u062c\u0639\u0644\u0647 \u0627\u0644\u062e\u064a\u0627\u0631 \u0627\u0644\u0623\u0645\u062b\u0644 \u0644\u0644\u0639\u0646\u0627\u064a\u0629 \u0627\u0644\u064a\u0648\u0645\u064a\u0629.<\/p>\n<ul data-path-to-node=\"15\">\n<li style=\"text-align: right;\">\n<p data-path-to-node=\"15,0,0\"><b data-path-to-node=\"15,0,0\" data-index-in-node=\"0\">\u062a\u0646\u0638\u064a\u0641 \u0641\u0627\u0626\u0642:<\/b> \u064a\u0632\u064a\u0644 \u0627\u0644\u0623\u0648\u0633\u0627\u062e \u0648\u0627\u0644\u062a\u0631\u0633\u0628\u0627\u062a \u0645\u0646 \u0623\u0639\u0645\u0627\u0642 \u0627\u0644\u0645\u0633\u0627\u0645 \u0628\u0641\u0639\u0627\u0644\u064a\u0629 \u0639\u0627\u0644\u064a\u0629.<\/p>\n<\/li>\n<li style=\"text-align: right;\">\n<p data-path-to-node=\"15,1,0\"><b data-path-to-node=\"15,1,0\" data-index-in-node=\"0\">\u0645\u0647\u062f\u0626 \u0644\u0644\u0628\u0634\u0631\u0629:<\/b> \u064a\u0639\u0645\u0644 \u0639\u0644\u0649 \u062a\u0647\u062f\u0626\u0629 \u0627\u0644\u0627\u062d\u0645\u0631\u0627\u0631 \u0648\u0627\u0644\u0627\u0644\u062a\u0647\u0627\u0628\u0627\u062a\u060c \u0645\u0645\u0627 \u064a\u062c\u0639\u0644\u0647 \u0645\u0646\u0627\u0633\u0628\u0627\u064b \u0644\u0644\u0628\u0634\u0631\u0629 \u0627\u0644\u062d\u0633\u0627\u0633\u0629.<\/p>\n<\/li>\n<li style=\"text-align: right;\">\n<p data-path-to-node=\"15,2,0\"><b data-path-to-node=\"15,2,0\" data-index-in-node=\"0\">\u062a\u0636\u064a\u064a\u0642 \u0627\u0644\u0645\u0633\u0627\u0645:<\/b> \u064a\u0633\u0627\u0639\u062f \u0641\u064a \u0634\u062f \u0627\u0644\u062c\u0644\u062f \u0648\u062a\u0642\u0644\u064a\u0635 \u0645\u0638\u0647\u0631 \u0627\u0644\u0645\u0633\u0627\u0645 \u0627\u0644\u0648\u0627\u0633\u0639\u0629.<\/p>\n<\/li>\n<li>\n<p style=\"text-align: right;\" data-path-to-node=\"15,3,0\"><b data-path-to-node=\"15,3,0\" data-index-in-node=\"0\">\u062d\u064a\u0648\u064a\u0629 \u0648\u0646\u0636\u0627\u0631\u0629:<\/b> \u064a\u0645\u0646\u062d \u0627\u0644\u0628\u0634\u0631\u0629 \u0645\u0638\u0647\u0631\u0627\u064b \u0645\u0634\u0631\u0642\u0627\u064b \u0648\u0635\u062d\u064a\u0627\u064b \u0645\u0646 \u0623\u0648\u0644 \u0627\u0633\u062a\u062e\u062f\u0627\u0645<\/p>\n<\/li>\n<\/ul>","protected":false},"featured_media":7905,"comment_status":"closed","ping_status":"closed","template":"","meta":{"_uag_custom_page_level_css":"","site-sidebar-layout":"default","site-content-layout":"","ast-site-content-layout":"default","site-content-style":"default","site-sidebar-style":"default","ast-global-header-display":"","ast-banner-title-visibility":"","ast-main-header-display":"","ast-hfb-above-header-display":"","ast-hfb-below-header-display":"","ast-hfb-mobile-header-display":"","site-post-title":"","ast-breadcrumbs-content":"","ast-featured-img":"","footer-sml-layout":"","ast-disable-related-posts":"","theme-transparent-header-meta":"default","adv-header-id-meta":"","stick-header-meta":"","header-above-stick-meta":"","header-main-stick-meta":"","header-below-stick-meta":"","astra-migrate-meta-layouts":"set","ast-page-background-enabled":"default","ast-page-background-meta":{"desktop":{"background-color":"","background-image":"","background-repeat":"repeat","background-position":"center center","background-size":"auto","background-attachment":"scroll","background-type":"","background-media":"","overlay-type":"","overlay-color":"","overlay-opacity":"","overlay-gradient":""},"tablet":{"background-color":"","background-image":"","background-repeat":"repeat","background-position":"center center","background-size":"auto","background-attachment":"scroll","background-type":"","background-media":"","overlay-type":"","overlay-color":"","overlay-opacity":"","overlay-gradient":""},"mobile":{"background-color":"","background-image":"","background-repeat":"repeat","background-position":"center center","background-size":"auto","background-attachment":"scroll","background-type":"","background-media":"","overlay-type":"","overlay-color":"","overlay-opacity":"","overlay-gradient":""}},"ast-content-background-meta":{"desktop":{"background-color":"var(--ast-global-color-5)","background-image":"","background-repeat":"repeat","background-position":"center center","background-size":"auto","background-attachment":"scroll","background-type":"","background-media":"","overlay-type":"","overlay-color":"","overlay-opacity":"","overlay-gradient":""},"tablet":{"background-color":"var(--ast-global-color-5)","background-image":"","background-repeat":"repeat","background-position":"center center","background-size":"auto","background-attachment":"scroll","background-type":"","background-media":"","overlay-type":"","overlay-color":"","overlay-opacity":"","overlay-gradient":""},"mobile":{"background-color":"var(--ast-global-color-5)","background-image":"","background-repeat":"repeat","background-position":"center center","background-size":"auto","background-attachment":"scroll","background-type":"","background-media":"","overlay-type":"","overlay-color":"","overlay-opacity":"","overlay-gradient":""}}},"product_brand":[],"product_cat":[16],"product_tag":[],"class_list":{"0":"post-7707","1":"product","2":"type-product","3":"status-publish","4":"has-post-thumbnail","6":"product_cat-cosmetique","7":"desktop-align-center","8":"tablet-align-center","9":"mobile-align-center","11":"first","12":"instock","13":"shipping-taxable","14":"purchasable","15":"product-type-simple"},"aioseo_notices":[],"uagb_featured_image_src":{"full":["https:\/\/allbiomorocco.com\/wp-content\/uploads\/2026\/03\/gommage_sidre.jpg",714,1024,false],"thumbnail":["https:\/\/allbiomorocco.com\/wp-content\/uploads\/2026\/03\/gommage_sidre-150x150.jpg",150,150,true],"medium":["https:\/\/allbiomorocco.com\/wp-content\/uploads\/2026\/03\/gommage_sidre-209x300.jpg",209,300,true],"medium_large":["https:\/\/allbiomorocco.com\/wp-content\/uploads\/2026\/03\/gommage_sidre.jpg",714,1024,false],"large":["https:\/\/allbiomorocco.com\/wp-content\/uploads\/2026\/03\/gommage_sidre.jpg",714,1024,false],"1536x1536":["https:\/\/allbiomorocco.com\/wp-content\/uploads\/2026\/03\/gommage_sidre.jpg",714,1024,false],"2048x2048":["https:\/\/allbiomorocco.com\/wp-content\/uploads\/2026\/03\/gommage_sidre.jpg",714,1024,false],"trp-custom-language-flag":["https:\/\/allbiomorocco.com\/wp-content\/uploads\/2026\/03\/gommage_sidre-8x12.jpg",8,12,true],"woocommerce_thumbnail":["https:\/\/allbiomorocco.com\/wp-content\/uploads\/2026\/03\/gommage_sidre-300x300.jpg",300,300,true],"woocommerce_single":["https:\/\/allbiomorocco.com\/wp-content\/uploads\/2026\/03\/gommage_sidre-600x861.jpg",600,861,true],"woocommerce_gallery_thumbnail":["https:\/\/allbiomorocco.com\/wp-content\/uploads\/2026\/03\/gommage_sidre-100x100.jpg",100,100,true]},"uagb_author_info":{"display_name":"NOUZHA ABARDAQ","author_link":"https:\/\/allbiomorocco.com\/en\/author\/"},"uagb_comment_info":0,"uagb_excerpt":"\u0627\u0633\u062a\u0645\u062a\u0639\u064a \u0628\u0641\u0648\u0627\u0626\u062f \u0627\u0644\u0633\u062f\u0631 \u0627\u0644\u0645\u0630\u0647\u0644\u0629 \u0645\u0639 \u0647\u0630\u0627 \u0627\u0644\u0645\u0642\u0634\u0631 \u0627\u0644\u0637\u0628\u064a\u0639\u064a \u0627\u0644\u0645\u0633\u062a\u062e\u0644\u0635 \u0645\u0646 \u0623\u0648\u0631\u0627\u0642 \u0627\u0644\u0633\u062f\u0631 \u0627\u0644\u0645\u062e\u062a\u0627\u0631\u0629 \u0628\u0639\u0646\u0627\u064a\u0629. \u064a\u064f\u0639\u0631\u0641 \u0627\u0644\u0633\u062f\u0631 \u0645\u0646\u0630 \u0627\u0644\u0642\u062f\u0645 \u0628\u062e\u0635\u0627\u0626\u0635\u0647 \u0627\u0644\u0645\u0637\u0647\u0631\u0629 \u0648\u0627\u0644\u0645\u0646\u0638\u0641\u0629 \u0627\u0644\u0641\u0627\u0626\u0642\u0629\u060c \u062d\u064a\u062b \u064a\u0639\u0645\u0644 \u0647\u0630\u0627 \u0627\u0644\u0645\u0642\u0634\u0631 \u0639\u0644\u0649 \u062a\u062c\u062f\u064a\u062f \u0628\u0634\u0631\u062a\u0643 \u0628\u0644\u0637\u0641 \u0645\u0639 \u0627\u0644\u062d\u0641\u0627\u0638 \u0639\u0644\u0649 \u062a\u0648\u0627\u0632\u0646\u0647\u0627 \u0627\u0644\u0637\u0628\u064a\u0639\u064a\u060c \u0645\u0645\u0627 \u064a\u062c\u0639\u0644\u0647 \u0627\u0644\u062e\u064a\u0627\u0631 \u0627\u0644\u0623\u0645\u062b\u0644 \u0644\u0644\u0639\u0646\u0627\u064a\u0629 \u0627\u0644\u064a\u0648\u0645\u064a\u0629. \u062a\u0646\u0638\u064a\u0641 \u0641\u0627\u0626\u0642: \u064a\u0632\u064a\u0644 \u0627\u0644\u0623\u0648\u0633\u0627\u062e \u0648\u0627\u0644\u062a\u0631\u0633\u0628\u0627\u062a \u0645\u0646 \u0623\u0639\u0645\u0627\u0642 \u0627\u0644\u0645\u0633\u0627\u0645 \u0628\u0641\u0639\u0627\u0644\u064a\u0629 \u0639\u0627\u0644\u064a\u0629. \u0645\u0647\u062f\u0626 \u0644\u0644\u0628\u0634\u0631\u0629: \u064a\u0639\u0645\u0644 \u0639\u0644\u0649&hellip;","_links":{"self":[{"href":"https:\/\/allbiomorocco.com\/en\/wp-json\/wp\/v2\/product\/7707","targetHints":{"allow":["GET"]}}],"collection":[{"href":"https:\/\/allbiomorocco.com\/en\/wp-json\/wp\/v2\/product"}],"about":[{"href":"https:\/\/allbiomorocco.com\/en\/wp-json\/wp\/v2\/types\/product"}],"replies":[{"embeddable":true,"href":"https:\/\/allbiomorocco.com\/en\/wp-json\/wp\/v2\/comments?post=7707"}],"wp:featuredmedia":[{"embeddable":true,"href":"https:\/\/allbiomorocco.com\/en\/wp-json\/wp\/v2\/media\/7905"}],"wp:attachment":[{"href":"https:\/\/allbiomorocco.com\/en\/wp-json\/wp\/v2\/media?parent=7707"}],"wp:term":[{"taxonomy":"product_brand","embeddable":true,"href":"https:\/\/allbiomorocco.com\/en\/wp-json\/wp\/v2\/product_brand?post=7707"},{"taxonomy":"product_cat","embeddable":true,"href":"https:\/\/allbiomorocco.com\/en\/wp-json\/wp\/v2\/product_cat?post=7707"},{"taxonomy":"product_tag","embeddable":true,"href":"https:\/\/allbiomorocco.com\/en\/wp-json\/wp\/v2\/product_tag?post=7707"}],"curies":[{"name":"wp","href":"https:\/\/api.w.org\/{rel}","templated":true}]}}