{"id":7723,"date":"2026-01-21T13:49:51","date_gmt":"2026-01-21T13:49:51","guid":{"rendered":"https:\/\/allbiomorocco.com\/?post_type=product&#038;p=7723"},"modified":"2026-04-10T17:49:24","modified_gmt":"2026-04-10T17:49:24","slug":"huile-argan-hibiscus-2","status":"publish","type":"product","link":"https:\/\/allbiomorocco.com\/en\/product\/huile-argan-hibiscus-2\/","title":{"rendered":"L&rsquo;eau De Rose Nila Bleu"},"content":{"rendered":"<p data-start=\"332\" data-end=\"496\">Ce m\u00e9lange unique donne une lotion l\u00e9g\u00e8rement bleut\u00e9e, fra\u00eeche et parfum\u00e9e. Elle est id\u00e9ale pour le visage et le corps, apportant \u00e9clat et hydratation au quotidien.<\/p>\n<h2 data-section-id=\"p4bcsk\" data-start=\"503\" data-end=\"517\">\u2728 Bienfaits<\/h2>\n<h3 data-section-id=\"1v3xqwm\" data-start=\"519\" data-end=\"540\">\ud83c\udf38 Pour la peau<\/h3>\n<ul data-start=\"541\" data-end=\"760\">\n<li data-section-id=\"stdbpk\" data-start=\"541\" data-end=\"577\"><strong data-start=\"543\" data-end=\"566\">\u00c9claircit et unifie<\/strong> le teint<\/li>\n<li data-section-id=\"vsdzgj\" data-start=\"578\" data-end=\"617\">Donne un <strong data-start=\"589\" data-end=\"615\">\u00e9clat naturel imm\u00e9diat<\/strong><\/li>\n<li data-section-id=\"1qikgfw\" data-start=\"618\" data-end=\"651\">Hydrate et rafra\u00eechit la peau<\/li>\n<li data-section-id=\"1da0jui\" data-start=\"652\" data-end=\"702\">Aide \u00e0 r\u00e9duire les <strong data-start=\"673\" data-end=\"700\">taches et imperfections<\/strong><\/li>\n<li data-section-id=\"1f506bi\" data-start=\"703\" data-end=\"733\">Apaise les peaux sensibles<\/li>\n<li data-section-id=\"1ftl9j2\" data-start=\"734\" data-end=\"760\">Resserre les <strong data-start=\"749\" data-end=\"758\">pores<\/strong><\/li>\n<\/ul>\n<h3 data-section-id=\"6y4uyt\" data-start=\"762\" data-end=\"786\">\ud83d\udc86\u200d\u2640\ufe0f Effet beaut\u00e9<\/h3>\n<ul data-start=\"787\" data-end=\"932\">\n<li data-section-id=\"1otwimc\" data-start=\"787\" data-end=\"838\">Laisse la peau <strong data-start=\"804\" data-end=\"836\">douce, lumineuse et parfum\u00e9e<\/strong><\/li>\n<li data-section-id=\"4dg7d2\" data-start=\"839\" data-end=\"889\">Apporte une sensation de fra\u00eecheur instantan\u00e9e<\/li>\n<li data-section-id=\"gfmwdq\" data-start=\"890\" data-end=\"932\">Id\u00e9ale apr\u00e8s le hammam ou au quotidien<\/li>\n<\/ul>\n<h2 data-section-id=\"1ycxebw\" data-start=\"939\" data-end=\"956\">\ud83e\uddf4 Utilisation<\/h2>\n<h3 data-section-id=\"16uidrm\" data-start=\"958\" data-end=\"973\">\u2714\ufe0f Visage<\/h3>\n<ul data-start=\"974\" data-end=\"1061\">\n<li data-section-id=\"1du540k\" data-start=\"974\" data-end=\"1013\">Appliquer avec un coton ou en spray<\/li>\n<li data-section-id=\"1yxnrnn\" data-start=\"1014\" data-end=\"1061\">Utiliser matin et soir comme lotion tonique<\/li>\n<\/ul>\n<h3 data-section-id=\"16zzo00\" data-start=\"1063\" data-end=\"1077\">\u2714\ufe0f Corps<\/h3>\n<ul data-start=\"1078\" data-end=\"1158\">\n<li data-section-id=\"wxbex1\" data-start=\"1078\" data-end=\"1117\">Vaporiser apr\u00e8s la douche ou hammam<\/li>\n<li data-section-id=\"wy7zf5\" data-start=\"1118\" data-end=\"1158\">Utiliser comme brume rafra\u00eechissante<\/li>\n<\/ul>\n<h3 data-section-id=\"17qk0fa\" data-start=\"1160\" data-end=\"1182\">\u2714\ufe0f Astuce beaut\u00e9<\/h3>\n<ul data-start=\"1183\" data-end=\"1298\">\n<li data-section-id=\"io4bge\" data-start=\"1183\" data-end=\"1241\">M\u00e9langer avec de l\u2019argile pour un masque \u00e9claircissant<\/li>\n<li data-section-id=\"88ks9\" data-start=\"1242\" data-end=\"1298\">Utiliser avant la cr\u00e8me pour am\u00e9liorer l\u2019hydratation<\/li>\n<\/ul>","protected":false},"excerpt":{"rendered":"<p>Ce m\u00e9lange unique donne une lotion l\u00e9g\u00e8rement bleut\u00e9e, fra\u00eeche et parfum\u00e9e. Elle est id\u00e9ale pour le visage et le corps, apportant \u00e9clat et hydratation au quotidien. \u2728 Bienfaits \ud83c\udf38 Pour la peau \u00c9claircit et unifie le teint Donne un \u00e9clat naturel imm\u00e9diat Hydrate et rafra\u00eechit la peau Aide \u00e0 r\u00e9duire les taches et imperfections Apaise [&hellip;]<\/p>","protected":false},"featured_media":8089,"comment_status":"closed","ping_status":"closed","template":"","meta":{"_uag_custom_page_level_css":"","site-sidebar-layout":"default","site-content-layout":"","ast-site-content-layout":"default","site-content-style":"default","site-sidebar-style":"default","ast-global-header-display":"","ast-banner-title-visibility":"","ast-main-header-display":"","ast-hfb-above-header-display":"","ast-hfb-below-header-display":"","ast-hfb-mobile-header-display":"","site-post-title":"","ast-breadcrumbs-content":"","ast-featured-img":"","footer-sml-layout":"","ast-disable-related-posts":"","theme-transparent-header-meta":"default","adv-header-id-meta":"","stick-header-meta":"","header-above-stick-meta":"","header-main-stick-meta":"","header-below-stick-meta":"","astra-migrate-meta-layouts":"set","ast-page-background-enabled":"default","ast-page-background-meta":{"desktop":{"background-color":"","background-image":"","background-repeat":"repeat","background-position":"center center","background-size":"auto","background-attachment":"scroll","background-type":"","background-media":"","overlay-type":"","overlay-color":"","overlay-opacity":"","overlay-gradient":""},"tablet":{"background-color":"","background-image":"","background-repeat":"repeat","background-position":"center center","background-size":"auto","background-attachment":"scroll","background-type":"","background-media":"","overlay-type":"","overlay-color":"","overlay-opacity":"","overlay-gradient":""},"mobile":{"background-color":"","background-image":"","background-repeat":"repeat","background-position":"center center","background-size":"auto","background-attachment":"scroll","background-type":"","background-media":"","overlay-type":"","overlay-color":"","overlay-opacity":"","overlay-gradient":""}},"ast-content-background-meta":{"desktop":{"background-color":"var(--ast-global-color-5)","background-image":"","background-repeat":"repeat","background-position":"center center","background-size":"auto","background-attachment":"scroll","background-type":"","background-media":"","overlay-type":"","overlay-color":"","overlay-opacity":"","overlay-gradient":""},"tablet":{"background-color":"var(--ast-global-color-5)","background-image":"","background-repeat":"repeat","background-position":"center center","background-size":"auto","background-attachment":"scroll","background-type":"","background-media":"","overlay-type":"","overlay-color":"","overlay-opacity":"","overlay-gradient":""},"mobile":{"background-color":"var(--ast-global-color-5)","background-image":"","background-repeat":"repeat","background-position":"center center","background-size":"auto","background-attachment":"scroll","background-type":"","background-media":"","overlay-type":"","overlay-color":"","overlay-opacity":"","overlay-gradient":""}}},"product_brand":[],"product_cat":[16],"product_tag":[],"class_list":{"0":"post-7723","1":"product","2":"type-product","3":"status-publish","4":"has-post-thumbnail","6":"product_cat-cosmetique","7":"desktop-align-center","8":"tablet-align-center","9":"mobile-align-center","11":"first","12":"instock","13":"shipping-taxable","14":"purchasable","15":"product-type-simple"},"aioseo_notices":[],"uagb_featured_image_src":{"full":["https:\/\/allbiomorocco.com\/wp-content\/uploads\/2026\/01\/leau_nila_bleu-153x273-1.png",153,273,false],"thumbnail":["https:\/\/allbiomorocco.com\/wp-content\/uploads\/2026\/01\/leau_nila_bleu-153x273-1-150x150.png",150,150,true],"medium":["https:\/\/allbiomorocco.com\/wp-content\/uploads\/2026\/01\/leau_nila_bleu-153x273-1.png",153,273,false],"medium_large":["https:\/\/allbiomorocco.com\/wp-content\/uploads\/2026\/01\/leau_nila_bleu-153x273-1.png",153,273,false],"large":["https:\/\/allbiomorocco.com\/wp-content\/uploads\/2026\/01\/leau_nila_bleu-153x273-1.png",153,273,false],"1536x1536":["https:\/\/allbiomorocco.com\/wp-content\/uploads\/2026\/01\/leau_nila_bleu-153x273-1.png",153,273,false],"2048x2048":["https:\/\/allbiomorocco.com\/wp-content\/uploads\/2026\/01\/leau_nila_bleu-153x273-1.png",153,273,false],"trp-custom-language-flag":["https:\/\/allbiomorocco.com\/wp-content\/uploads\/2026\/01\/leau_nila_bleu-153x273-1-7x12.png",7,12,true],"woocommerce_thumbnail":["https:\/\/allbiomorocco.com\/wp-content\/uploads\/2026\/01\/leau_nila_bleu-153x273-1.png",153,273,false],"woocommerce_single":["https:\/\/allbiomorocco.com\/wp-content\/uploads\/2026\/01\/leau_nila_bleu-153x273-1.png",153,273,false],"woocommerce_gallery_thumbnail":["https:\/\/allbiomorocco.com\/wp-content\/uploads\/2026\/01\/leau_nila_bleu-153x273-1-100x100.png",100,100,true]},"uagb_author_info":{"display_name":"allbiomorocco@gmail.com","author_link":"https:\/\/allbiomorocco.com\/en\/author\/"},"uagb_comment_info":0,"uagb_excerpt":"Ce m\u00e9lange unique donne une lotion l\u00e9g\u00e8rement bleut\u00e9e, fra\u00eeche et parfum\u00e9e. Elle est id\u00e9ale pour le visage et le corps, apportant \u00e9clat et hydratation au quotidien. \u2728 Bienfaits \ud83c\udf38 Pour la peau \u00c9claircit et unifie le teint Donne un \u00e9clat naturel imm\u00e9diat Hydrate et rafra\u00eechit la peau Aide \u00e0 r\u00e9duire les taches et imperfections Apaise&hellip;","_links":{"self":[{"href":"https:\/\/allbiomorocco.com\/en\/wp-json\/wp\/v2\/product\/7723","targetHints":{"allow":["GET"]}}],"collection":[{"href":"https:\/\/allbiomorocco.com\/en\/wp-json\/wp\/v2\/product"}],"about":[{"href":"https:\/\/allbiomorocco.com\/en\/wp-json\/wp\/v2\/types\/product"}],"replies":[{"embeddable":true,"href":"https:\/\/allbiomorocco.com\/en\/wp-json\/wp\/v2\/comments?post=7723"}],"wp:featuredmedia":[{"embeddable":true,"href":"https:\/\/allbiomorocco.com\/en\/wp-json\/wp\/v2\/media\/8089"}],"wp:attachment":[{"href":"https:\/\/allbiomorocco.com\/en\/wp-json\/wp\/v2\/media?parent=7723"}],"wp:term":[{"taxonomy":"product_brand","embeddable":true,"href":"https:\/\/allbiomorocco.com\/en\/wp-json\/wp\/v2\/product_brand?post=7723"},{"taxonomy":"product_cat","embeddable":true,"href":"https:\/\/allbiomorocco.com\/en\/wp-json\/wp\/v2\/product_cat?post=7723"},{"taxonomy":"product_tag","embeddable":true,"href":"https:\/\/allbiomorocco.com\/en\/wp-json\/wp\/v2\/product_tag?post=7723"}],"curies":[{"name":"wp","href":"https:\/\/api.w.org\/{rel}","templated":true}]}}