{"id":7725,"date":"2026-01-21T13:49:51","date_gmt":"2026-01-21T13:49:51","guid":{"rendered":"https:\/\/allbiomorocco.com\/?post_type=product&#038;p=7725"},"modified":"2026-04-11T17:38:35","modified_gmt":"2026-04-11T17:38:35","slug":"savon-noir-argan","status":"publish","type":"product","link":"https:\/\/allbiomorocco.com\/en\/product\/savon-noir-argan\/","title":{"rendered":"Cr\u00e8me D&rsquo;abricot"},"content":{"rendered":"<h3 data-section-id=\"g65ci\" data-start=\"112\" data-end=\"152\"><span role=\"text\">\ud83c\udf51 <strong data-start=\"119\" data-end=\"152\">Cr\u00e8me d\u2019Abricot \u2013 Description<\/strong><\/span><\/h3>\n<p data-start=\"154\" data-end=\"435\">La cr\u00e8me d\u2019abricot est un soin nourrissant enrichi en extrait naturel d\u2019<span class=\"hover:entity-accent entity-underline inline cursor-pointer align-baseline\"><span class=\"whitespace-normal\">Abricot (Prunus armeniaca)<\/span><\/span>, reconnu pour sa richesse en vitamines A et E ainsi qu\u2019en antioxydants. Sa texture onctueuse p\u00e9n\u00e8tre rapidement la peau et lui apporte douceur, souplesse et \u00e9clat naturel.<\/p>\n<p data-start=\"437\" data-end=\"534\">Id\u00e9ale pour les peaux s\u00e8ches, ternes ou fatigu\u00e9es, elle aide \u00e0 revitaliser et illuminer le teint.<\/p>\n<h3 data-section-id=\"e3xwqv\" data-start=\"541\" data-end=\"582\"><span role=\"text\">\u2728 <strong data-start=\"547\" data-end=\"582\">Bienfaits de la Cr\u00e8me d\u2019Abricot<\/strong><\/span><\/h3>\n<ul data-start=\"584\" data-end=\"953\">\n<li data-section-id=\"qlax7q\" data-start=\"584\" data-end=\"647\">\ud83d\udca7 <strong data-start=\"589\" data-end=\"612\">Hydrate intens\u00e9ment<\/strong> et nourrit la peau en profondeur<\/li>\n<li data-section-id=\"1w5zxr6\" data-start=\"648\" data-end=\"705\">\u2728 <strong data-start=\"652\" data-end=\"673\">Illumine le teint<\/strong> et redonne de l\u2019\u00e9clat naturel<\/li>\n<li data-section-id=\"18nvadu\" data-start=\"706\" data-end=\"767\">\ud83e\udde1 <strong data-start=\"711\" data-end=\"742\">Revitalise la peau fatigu\u00e9e<\/strong> et lui redonne \u00e9nergie<\/li>\n<li data-section-id=\"ricq21\" data-start=\"768\" data-end=\"849\">\ud83d\udee1\ufe0f <strong data-start=\"774\" data-end=\"799\">Riche en antioxydants<\/strong> : aide \u00e0 lutter contre le vieillissement cutan\u00e9<\/li>\n<li data-section-id=\"14yuh6y\" data-start=\"850\" data-end=\"889\">\ud83c\udf38 <strong data-start=\"855\" data-end=\"879\">Adoucit et assouplit<\/strong> la peau<\/li>\n<li data-section-id=\"8i8bt9\" data-start=\"890\" data-end=\"953\">\ud83d\udd04 <strong data-start=\"895\" data-end=\"929\">Am\u00e9liore la texture de la peau<\/strong> et la rend plus lisse<\/li>\n<\/ul>","protected":false},"excerpt":{"rendered":"<p>\ud83c\udf51 Cr\u00e8me d\u2019Abricot \u2013 Description La cr\u00e8me d\u2019abricot est un soin nourrissant enrichi en extrait naturel d\u2019Abricot (Prunus armeniaca), reconnu pour sa richesse en vitamines A et E ainsi qu\u2019en antioxydants. Sa texture onctueuse p\u00e9n\u00e8tre rapidement la peau et lui apporte douceur, souplesse et \u00e9clat naturel. Id\u00e9ale pour les peaux s\u00e8ches, ternes ou fatigu\u00e9es, elle [&hellip;]<\/p>","protected":false},"featured_media":8183,"comment_status":"closed","ping_status":"closed","template":"","meta":{"_uag_custom_page_level_css":"","site-sidebar-layout":"default","site-content-layout":"","ast-site-content-layout":"default","site-content-style":"default","site-sidebar-style":"default","ast-global-header-display":"","ast-banner-title-visibility":"","ast-main-header-display":"","ast-hfb-above-header-display":"","ast-hfb-below-header-display":"","ast-hfb-mobile-header-display":"","site-post-title":"","ast-breadcrumbs-content":"","ast-featured-img":"","footer-sml-layout":"","ast-disable-related-posts":"","theme-transparent-header-meta":"default","adv-header-id-meta":"","stick-header-meta":"","header-above-stick-meta":"","header-main-stick-meta":"","header-below-stick-meta":"","astra-migrate-meta-layouts":"set","ast-page-background-enabled":"default","ast-page-background-meta":{"desktop":{"background-color":"","background-image":"","background-repeat":"repeat","background-position":"center center","background-size":"auto","background-attachment":"scroll","background-type":"","background-media":"","overlay-type":"","overlay-color":"","overlay-opacity":"","overlay-gradient":""},"tablet":{"background-color":"","background-image":"","background-repeat":"repeat","background-position":"center center","background-size":"auto","background-attachment":"scroll","background-type":"","background-media":"","overlay-type":"","overlay-color":"","overlay-opacity":"","overlay-gradient":""},"mobile":{"background-color":"","background-image":"","background-repeat":"repeat","background-position":"center center","background-size":"auto","background-attachment":"scroll","background-type":"","background-media":"","overlay-type":"","overlay-color":"","overlay-opacity":"","overlay-gradient":""}},"ast-content-background-meta":{"desktop":{"background-color":"var(--ast-global-color-5)","background-image":"","background-repeat":"repeat","background-position":"center center","background-size":"auto","background-attachment":"scroll","background-type":"","background-media":"","overlay-type":"","overlay-color":"","overlay-opacity":"","overlay-gradient":""},"tablet":{"background-color":"var(--ast-global-color-5)","background-image":"","background-repeat":"repeat","background-position":"center center","background-size":"auto","background-attachment":"scroll","background-type":"","background-media":"","overlay-type":"","overlay-color":"","overlay-opacity":"","overlay-gradient":""},"mobile":{"background-color":"var(--ast-global-color-5)","background-image":"","background-repeat":"repeat","background-position":"center center","background-size":"auto","background-attachment":"scroll","background-type":"","background-media":"","overlay-type":"","overlay-color":"","overlay-opacity":"","overlay-gradient":""}}},"product_brand":[],"product_cat":[16],"product_tag":[],"class_list":{"0":"post-7725","1":"product","2":"type-product","3":"status-publish","4":"has-post-thumbnail","6":"product_cat-cosmetique","7":"desktop-align-center","8":"tablet-align-center","9":"mobile-align-center","11":"first","12":"instock","13":"shipping-taxable","14":"purchasable","15":"product-type-simple"},"aioseo_notices":[],"uagb_featured_image_src":{"full":["https:\/\/allbiomorocco.com\/wp-content\/uploads\/2026\/01\/Gemini_Generated_Image_mcs1otmcs1otmcs1-409x409-1.png",409,409,false],"thumbnail":["https:\/\/allbiomorocco.com\/wp-content\/uploads\/2026\/01\/Gemini_Generated_Image_mcs1otmcs1otmcs1-409x409-1-150x150.png",150,150,true],"medium":["https:\/\/allbiomorocco.com\/wp-content\/uploads\/2026\/01\/Gemini_Generated_Image_mcs1otmcs1otmcs1-409x409-1-300x300.png",300,300,true],"medium_large":["https:\/\/allbiomorocco.com\/wp-content\/uploads\/2026\/01\/Gemini_Generated_Image_mcs1otmcs1otmcs1-409x409-1.png",409,409,false],"large":["https:\/\/allbiomorocco.com\/wp-content\/uploads\/2026\/01\/Gemini_Generated_Image_mcs1otmcs1otmcs1-409x409-1.png",409,409,false],"1536x1536":["https:\/\/allbiomorocco.com\/wp-content\/uploads\/2026\/01\/Gemini_Generated_Image_mcs1otmcs1otmcs1-409x409-1.png",409,409,false],"2048x2048":["https:\/\/allbiomorocco.com\/wp-content\/uploads\/2026\/01\/Gemini_Generated_Image_mcs1otmcs1otmcs1-409x409-1.png",409,409,false],"trp-custom-language-flag":["https:\/\/allbiomorocco.com\/wp-content\/uploads\/2026\/01\/Gemini_Generated_Image_mcs1otmcs1otmcs1-409x409-1-12x12.png",12,12,true],"woocommerce_thumbnail":["https:\/\/allbiomorocco.com\/wp-content\/uploads\/2026\/01\/Gemini_Generated_Image_mcs1otmcs1otmcs1-409x409-1-300x300.png",300,300,true],"woocommerce_single":["https:\/\/allbiomorocco.com\/wp-content\/uploads\/2026\/01\/Gemini_Generated_Image_mcs1otmcs1otmcs1-409x409-1.png",409,409,false],"woocommerce_gallery_thumbnail":["https:\/\/allbiomorocco.com\/wp-content\/uploads\/2026\/01\/Gemini_Generated_Image_mcs1otmcs1otmcs1-409x409-1-100x100.png",100,100,true]},"uagb_author_info":{"display_name":"allbiomorocco@gmail.com","author_link":"https:\/\/allbiomorocco.com\/en\/author\/"},"uagb_comment_info":0,"uagb_excerpt":"\ud83c\udf51 Cr\u00e8me d\u2019Abricot \u2013 Description La cr\u00e8me d\u2019abricot est un soin nourrissant enrichi en extrait naturel d\u2019Abricot (Prunus armeniaca), reconnu pour sa richesse en vitamines A et E ainsi qu\u2019en antioxydants. Sa texture onctueuse p\u00e9n\u00e8tre rapidement la peau et lui apporte douceur, souplesse et \u00e9clat naturel. Id\u00e9ale pour les peaux s\u00e8ches, ternes ou fatigu\u00e9es, elle&hellip;","_links":{"self":[{"href":"https:\/\/allbiomorocco.com\/en\/wp-json\/wp\/v2\/product\/7725","targetHints":{"allow":["GET"]}}],"collection":[{"href":"https:\/\/allbiomorocco.com\/en\/wp-json\/wp\/v2\/product"}],"about":[{"href":"https:\/\/allbiomorocco.com\/en\/wp-json\/wp\/v2\/types\/product"}],"replies":[{"embeddable":true,"href":"https:\/\/allbiomorocco.com\/en\/wp-json\/wp\/v2\/comments?post=7725"}],"wp:featuredmedia":[{"embeddable":true,"href":"https:\/\/allbiomorocco.com\/en\/wp-json\/wp\/v2\/media\/8183"}],"wp:attachment":[{"href":"https:\/\/allbiomorocco.com\/en\/wp-json\/wp\/v2\/media?parent=7725"}],"wp:term":[{"taxonomy":"product_brand","embeddable":true,"href":"https:\/\/allbiomorocco.com\/en\/wp-json\/wp\/v2\/product_brand?post=7725"},{"taxonomy":"product_cat","embeddable":true,"href":"https:\/\/allbiomorocco.com\/en\/wp-json\/wp\/v2\/product_cat?post=7725"},{"taxonomy":"product_tag","embeddable":true,"href":"https:\/\/allbiomorocco.com\/en\/wp-json\/wp\/v2\/product_tag?post=7725"}],"curies":[{"name":"wp","href":"https:\/\/api.w.org\/{rel}","templated":true}]}}